{"id":295,"date":"2021-11-10T14:41:38","date_gmt":"2021-11-10T12:41:38","guid":{"rendered":"https:\/\/ferberg.com\/?page_id=295"},"modified":"2025-11-26T08:42:11","modified_gmt":"2025-11-26T06:42:11","slug":"cheshskij","status":"publish","type":"page","link":"https:\/\/ferberg.com\/cs\/","title":{"rendered":"Hlavn\u00ed"},"content":{"rendered":"","protected":false},"excerpt":{"rendered":"","protected":false},"author":1,"featured_media":0,"parent":0,"menu_order":78,"comment_status":"closed","ping_status":"closed","template":"","meta":{"inline_featured_image":false,"ngg_post_thumbnail":0,"footnotes":""},"class_list":["post-295","page","type-page","status-publish","hentry"],"acf":[],"yoast_head":"<!-- This site is optimized with the Yoast SEO plugin v26.5 - https:\/\/yoast.com\/wordpress\/plugins\/seo\/ -->\n<title>Mobiln\u00ed nakl\u00e1dac\u00ed rampa pro kami\u00f3ny, mobiln\u00ed rampa od v\u00fdrobce v \u010cesk\u00e9 republice - FERBERG<\/title>\n<meta name=\"description\" content=\"Mobiln\u00ed n\u00e1jezdov\u00e1 rampy. V\u00fdroba nakl\u00e1dac\u00edch ramp libovoln\u00e9 slo\u017eitosti pro n\u00e1kladn\u00ed kamiony a kontejnery. Obrovsk\u00fd v\u00fdb\u011br. P\u0159\u00edzniv\u00e9 ceny.\" \/>\n<meta name=\"robots\" content=\"index, follow, max-snippet:-1, max-image-preview:large, max-video-preview:-1\" \/>\n<link rel=\"canonical\" href=\"https:\/\/ferberg.com\/cs\/\" \/>\n<meta property=\"og:locale\" content=\"cs_CZ\" \/>\n<meta property=\"og:type\" content=\"article\" \/>\n<meta property=\"og:title\" content=\"Mobiln\u00ed nakl\u00e1dac\u00ed rampa pro kami\u00f3ny, mobiln\u00ed rampa od v\u00fdrobce v \u010cesk\u00e9 republice - FERBERG\" \/>\n<meta property=\"og:description\" content=\"Mobiln\u00ed n\u00e1jezdov\u00e1 rampy. V\u00fdroba nakl\u00e1dac\u00edch ramp libovoln\u00e9 slo\u017eitosti pro n\u00e1kladn\u00ed kamiony a kontejnery. Obrovsk\u00fd v\u00fdb\u011br. P\u0159\u00edzniv\u00e9 ceny.\" \/>\n<meta property=\"og:url\" content=\"https:\/\/ferberg.com\/cs\/\" \/>\n<meta property=\"og:site_name\" content=\"FERBERG\" \/>\n<meta property=\"article:modified_time\" content=\"2025-11-26T06:42:11+00:00\" \/>\n<meta name=\"twitter:card\" content=\"summary_large_image\" \/>\n<script type=\"application\/ld+json\" class=\"yoast-schema-graph\">{\"@context\":\"https:\/\/schema.org\",\"@graph\":[{\"@type\":\"WebPage\",\"@id\":\"https:\/\/ferberg.com\/cs\/\",\"url\":\"https:\/\/ferberg.com\/cs\/\",\"name\":\"Mobiln\u00ed nakl\u00e1dac\u00ed rampa pro kami\u00f3ny, mobiln\u00ed rampa od v\u00fdrobce v \u010cesk\u00e9 republice - FERBERG\",\"isPartOf\":{\"@id\":\"https:\/\/nl.ferberg.com\/cs\/#website\"},\"datePublished\":\"2021-11-10T12:41:38+00:00\",\"dateModified\":\"2025-11-26T06:42:11+00:00\",\"description\":\"Mobiln\u00ed n\u00e1jezdov\u00e1 rampy. V\u00fdroba nakl\u00e1dac\u00edch ramp libovoln\u00e9 slo\u017eitosti pro n\u00e1kladn\u00ed kamiony a kontejnery. Obrovsk\u00fd v\u00fdb\u011br. P\u0159\u00edzniv\u00e9 ceny.\",\"breadcrumb\":{\"@id\":\"https:\/\/ferberg.com\/cs\/#breadcrumb\"},\"inLanguage\":\"cs\",\"potentialAction\":[{\"@type\":\"ReadAction\",\"target\":[\"https:\/\/ferberg.com\/cs\/\"]}]},{\"@type\":\"BreadcrumbList\",\"@id\":\"https:\/\/ferberg.com\/cs\/#breadcrumb\",\"itemListElement\":[{\"@type\":\"ListItem\",\"position\":1,\"name\":\"Home\",\"item\":\"https:\/\/ferberg.com\/cs\/\"},{\"@type\":\"ListItem\",\"position\":2,\"name\":\"Hlavn\u00ed\"}]},{\"@type\":\"WebSite\",\"@id\":\"https:\/\/nl.ferberg.com\/cs\/#website\",\"url\":\"https:\/\/nl.ferberg.com\/cs\/\",\"name\":\"FERBERG\",\"description\":\"WAREHOUSE EQUIPMENT MANUFACTURER #1\",\"publisher\":{\"@id\":\"https:\/\/nl.ferberg.com\/cs\/#organization\"},\"alternateName\":\"FERBERG\",\"potentialAction\":[{\"@type\":\"SearchAction\",\"target\":{\"@type\":\"EntryPoint\",\"urlTemplate\":\"https:\/\/nl.ferberg.com\/cs\/?s={search_term_string}\"},\"query-input\":{\"@type\":\"PropertyValueSpecification\",\"valueRequired\":true,\"valueName\":\"search_term_string\"}}],\"inLanguage\":\"cs\"},{\"@type\":\"Organization\",\"@id\":\"https:\/\/nl.ferberg.com\/cs\/#organization\",\"name\":\"FERBERG\",\"url\":\"https:\/\/nl.ferberg.com\/cs\/\",\"logo\":{\"@type\":\"ImageObject\",\"inLanguage\":\"cs\",\"@id\":\"https:\/\/nl.ferberg.com\/cs\/#\/schema\/logo\/image\/\",\"url\":\"https:\/\/ferberg.com\/wp-content\/uploads\/2023\/05\/favicon.ico\",\"contentUrl\":\"https:\/\/ferberg.com\/wp-content\/uploads\/2023\/05\/favicon.ico\",\"width\":48,\"height\":48,\"caption\":\"FERBERG\"},\"image\":{\"@id\":\"https:\/\/nl.ferberg.com\/cs\/#\/schema\/logo\/image\/\"}}]}<\/script>\n<!-- \/ Yoast SEO plugin. -->","yoast_head_json":{"title":"Mobiln\u00ed nakl\u00e1dac\u00ed rampa pro kami\u00f3ny, mobiln\u00ed rampa od v\u00fdrobce v \u010cesk\u00e9 republice - FERBERG","description":"Mobiln\u00ed n\u00e1jezdov\u00e1 rampy. V\u00fdroba nakl\u00e1dac\u00edch ramp libovoln\u00e9 slo\u017eitosti pro n\u00e1kladn\u00ed kamiony a kontejnery. Obrovsk\u00fd v\u00fdb\u011br. P\u0159\u00edzniv\u00e9 ceny.","robots":{"index":"index","follow":"follow","max-snippet":"max-snippet:-1","max-image-preview":"max-image-preview:large","max-video-preview":"max-video-preview:-1"},"canonical":"https:\/\/ferberg.com\/cs\/","og_locale":"cs_CZ","og_type":"article","og_title":"Mobiln\u00ed nakl\u00e1dac\u00ed rampa pro kami\u00f3ny, mobiln\u00ed rampa od v\u00fdrobce v \u010cesk\u00e9 republice - FERBERG","og_description":"Mobiln\u00ed n\u00e1jezdov\u00e1 rampy. V\u00fdroba nakl\u00e1dac\u00edch ramp libovoln\u00e9 slo\u017eitosti pro n\u00e1kladn\u00ed kamiony a kontejnery. Obrovsk\u00fd v\u00fdb\u011br. P\u0159\u00edzniv\u00e9 ceny.","og_url":"https:\/\/ferberg.com\/cs\/","og_site_name":"FERBERG","article_modified_time":"2025-11-26T06:42:11+00:00","twitter_card":"summary_large_image","schema":{"@context":"https:\/\/schema.org","@graph":[{"@type":"WebPage","@id":"https:\/\/ferberg.com\/cs\/","url":"https:\/\/ferberg.com\/cs\/","name":"Mobiln\u00ed nakl\u00e1dac\u00ed rampa pro kami\u00f3ny, mobiln\u00ed rampa od v\u00fdrobce v \u010cesk\u00e9 republice - FERBERG","isPartOf":{"@id":"https:\/\/nl.ferberg.com\/cs\/#website"},"datePublished":"2021-11-10T12:41:38+00:00","dateModified":"2025-11-26T06:42:11+00:00","description":"Mobiln\u00ed n\u00e1jezdov\u00e1 rampy. V\u00fdroba nakl\u00e1dac\u00edch ramp libovoln\u00e9 slo\u017eitosti pro n\u00e1kladn\u00ed kamiony a kontejnery. Obrovsk\u00fd v\u00fdb\u011br. P\u0159\u00edzniv\u00e9 ceny.","breadcrumb":{"@id":"https:\/\/ferberg.com\/cs\/#breadcrumb"},"inLanguage":"cs","potentialAction":[{"@type":"ReadAction","target":["https:\/\/ferberg.com\/cs\/"]}]},{"@type":"BreadcrumbList","@id":"https:\/\/ferberg.com\/cs\/#breadcrumb","itemListElement":[{"@type":"ListItem","position":1,"name":"Home","item":"https:\/\/ferberg.com\/cs\/"},{"@type":"ListItem","position":2,"name":"Hlavn\u00ed"}]},{"@type":"WebSite","@id":"https:\/\/nl.ferberg.com\/cs\/#website","url":"https:\/\/nl.ferberg.com\/cs\/","name":"FERBERG","description":"WAREHOUSE EQUIPMENT MANUFACTURER #1","publisher":{"@id":"https:\/\/nl.ferberg.com\/cs\/#organization"},"alternateName":"FERBERG","potentialAction":[{"@type":"SearchAction","target":{"@type":"EntryPoint","urlTemplate":"https:\/\/nl.ferberg.com\/cs\/?s={search_term_string}"},"query-input":{"@type":"PropertyValueSpecification","valueRequired":true,"valueName":"search_term_string"}}],"inLanguage":"cs"},{"@type":"Organization","@id":"https:\/\/nl.ferberg.com\/cs\/#organization","name":"FERBERG","url":"https:\/\/nl.ferberg.com\/cs\/","logo":{"@type":"ImageObject","inLanguage":"cs","@id":"https:\/\/nl.ferberg.com\/cs\/#\/schema\/logo\/image\/","url":"https:\/\/ferberg.com\/wp-content\/uploads\/2023\/05\/favicon.ico","contentUrl":"https:\/\/ferberg.com\/wp-content\/uploads\/2023\/05\/favicon.ico","width":48,"height":48,"caption":"FERBERG"},"image":{"@id":"https:\/\/nl.ferberg.com\/cs\/#\/schema\/logo\/image\/"}}]}},"_links":{"self":[{"href":"https:\/\/ferberg.com\/cs\/wp-json\/wp\/v2\/pages\/295","targetHints":{"allow":["GET"]}}],"collection":[{"href":"https:\/\/ferberg.com\/cs\/wp-json\/wp\/v2\/pages"}],"about":[{"href":"https:\/\/ferberg.com\/cs\/wp-json\/wp\/v2\/types\/page"}],"author":[{"embeddable":true,"href":"https:\/\/ferberg.com\/cs\/wp-json\/wp\/v2\/users\/1"}],"replies":[{"embeddable":true,"href":"https:\/\/ferberg.com\/cs\/wp-json\/wp\/v2\/comments?post=295"}],"version-history":[{"count":17,"href":"https:\/\/ferberg.com\/cs\/wp-json\/wp\/v2\/pages\/295\/revisions"}],"predecessor-version":[{"id":35018,"href":"https:\/\/ferberg.com\/cs\/wp-json\/wp\/v2\/pages\/295\/revisions\/35018"}],"wp:attachment":[{"href":"https:\/\/ferberg.com\/cs\/wp-json\/wp\/v2\/media?parent=295"}],"curies":[{"name":"wp","href":"https:\/\/api.w.org\/{rel}","templated":true}]}}