{"id":1463,"date":"2021-11-04T08:43:36","date_gmt":"2021-11-04T06:43:36","guid":{"rendered":"https:\/\/ferberg.com\/kontakty\/"},"modified":"2026-02-19T18:51:23","modified_gmt":"2026-02-19T16:51:23","slug":"yhteystiedot","status":"publish","type":"page","link":"https:\/\/ferberg.com\/fi\/yhteystiedot\/","title":{"rendered":"Yhteystiedot"},"content":{"rendered":"","protected":false},"excerpt":{"rendered":"","protected":false},"author":1,"featured_media":0,"parent":0,"menu_order":76,"comment_status":"closed","ping_status":"closed","template":"page-contact.php","meta":{"inline_featured_image":false,"ngg_post_thumbnail":0,"footnotes":""},"class_list":["post-1463","page","type-page","status-publish","hentry"],"acf":[],"yoast_head":"<!-- This site is optimized with the Yoast SEO plugin v26.5 - https:\/\/yoast.com\/wordpress\/plugins\/seo\/ -->\n<title>Yhteystiedot, osoite, puhelinnumerot - lastausrampit FERBERG Suomessa<\/title>\n<meta name=\"description\" content=\"Olemme aina yhteydess\u00e4. Asiantuntijamme vastaavat mielell\u00e4\u00e4n kaikkiin kysymyksiisi.\" \/>\n<meta name=\"robots\" content=\"index, follow, max-snippet:-1, max-image-preview:large, max-video-preview:-1\" \/>\n<link rel=\"canonical\" href=\"https:\/\/ferberg.com\/fi\/yhteystiedot\/\" \/>\n<meta property=\"og:locale\" content=\"fi_FI\" \/>\n<meta property=\"og:type\" content=\"article\" \/>\n<meta property=\"og:title\" content=\"Yhteystiedot, osoite, puhelinnumerot - lastausrampit FERBERG Suomessa\" \/>\n<meta property=\"og:description\" content=\"Olemme aina yhteydess\u00e4. Asiantuntijamme vastaavat mielell\u00e4\u00e4n kaikkiin kysymyksiisi.\" \/>\n<meta property=\"og:url\" content=\"https:\/\/ferberg.com\/fi\/yhteystiedot\/\" \/>\n<meta property=\"og:site_name\" content=\"FERBERG\" \/>\n<meta property=\"article:modified_time\" content=\"2026-02-19T16:51:23+00:00\" \/>\n<meta name=\"twitter:card\" content=\"summary_large_image\" \/>\n<script type=\"application\/ld+json\" class=\"yoast-schema-graph\">{\"@context\":\"https:\/\/schema.org\",\"@graph\":[{\"@type\":\"WebPage\",\"@id\":\"https:\/\/ferberg.com\/fi\/yhteystiedot\/\",\"url\":\"https:\/\/ferberg.com\/fi\/yhteystiedot\/\",\"name\":\"Yhteystiedot, osoite, puhelinnumerot - lastausrampit FERBERG Suomessa\",\"isPartOf\":{\"@id\":\"https:\/\/nl.ferberg.com\/fi\/#website\"},\"datePublished\":\"2021-11-04T06:43:36+00:00\",\"dateModified\":\"2026-02-19T16:51:23+00:00\",\"description\":\"Olemme aina yhteydess\u00e4. Asiantuntijamme vastaavat mielell\u00e4\u00e4n kaikkiin kysymyksiisi.\",\"breadcrumb\":{\"@id\":\"https:\/\/ferberg.com\/fi\/yhteystiedot\/#breadcrumb\"},\"inLanguage\":\"fi\",\"potentialAction\":[{\"@type\":\"ReadAction\",\"target\":[\"https:\/\/ferberg.com\/fi\/yhteystiedot\/\"]}]},{\"@type\":\"BreadcrumbList\",\"@id\":\"https:\/\/ferberg.com\/fi\/yhteystiedot\/#breadcrumb\",\"itemListElement\":[{\"@type\":\"ListItem\",\"position\":1,\"name\":\"Home\",\"item\":\"https:\/\/ferberg.com\/fi\/\"},{\"@type\":\"ListItem\",\"position\":2,\"name\":\"Yhteystiedot\"}]},{\"@type\":\"WebSite\",\"@id\":\"https:\/\/nl.ferberg.com\/fi\/#website\",\"url\":\"https:\/\/nl.ferberg.com\/fi\/\",\"name\":\"FERBERG\",\"description\":\"WAREHOUSE EQUIPMENT MANUFACTURER #1\",\"publisher\":{\"@id\":\"https:\/\/nl.ferberg.com\/fi\/#organization\"},\"alternateName\":\"FERBERG\",\"potentialAction\":[{\"@type\":\"SearchAction\",\"target\":{\"@type\":\"EntryPoint\",\"urlTemplate\":\"https:\/\/nl.ferberg.com\/fi\/?s={search_term_string}\"},\"query-input\":{\"@type\":\"PropertyValueSpecification\",\"valueRequired\":true,\"valueName\":\"search_term_string\"}}],\"inLanguage\":\"fi\"},{\"@type\":\"Organization\",\"@id\":\"https:\/\/nl.ferberg.com\/fi\/#organization\",\"name\":\"FERBERG\",\"url\":\"https:\/\/nl.ferberg.com\/fi\/\",\"logo\":{\"@type\":\"ImageObject\",\"inLanguage\":\"fi\",\"@id\":\"https:\/\/nl.ferberg.com\/fi\/#\/schema\/logo\/image\/\",\"url\":\"https:\/\/ferberg.com\/wp-content\/uploads\/2023\/05\/favicon.ico\",\"contentUrl\":\"https:\/\/ferberg.com\/wp-content\/uploads\/2023\/05\/favicon.ico\",\"width\":48,\"height\":48,\"caption\":\"FERBERG\"},\"image\":{\"@id\":\"https:\/\/nl.ferberg.com\/fi\/#\/schema\/logo\/image\/\"}}]}<\/script>\n<!-- \/ Yoast SEO plugin. -->","yoast_head_json":{"title":"Yhteystiedot, osoite, puhelinnumerot - lastausrampit FERBERG Suomessa","description":"Olemme aina yhteydess\u00e4. Asiantuntijamme vastaavat mielell\u00e4\u00e4n kaikkiin kysymyksiisi.","robots":{"index":"index","follow":"follow","max-snippet":"max-snippet:-1","max-image-preview":"max-image-preview:large","max-video-preview":"max-video-preview:-1"},"canonical":"https:\/\/ferberg.com\/fi\/yhteystiedot\/","og_locale":"fi_FI","og_type":"article","og_title":"Yhteystiedot, osoite, puhelinnumerot - lastausrampit FERBERG Suomessa","og_description":"Olemme aina yhteydess\u00e4. Asiantuntijamme vastaavat mielell\u00e4\u00e4n kaikkiin kysymyksiisi.","og_url":"https:\/\/ferberg.com\/fi\/yhteystiedot\/","og_site_name":"FERBERG","article_modified_time":"2026-02-19T16:51:23+00:00","twitter_card":"summary_large_image","schema":{"@context":"https:\/\/schema.org","@graph":[{"@type":"WebPage","@id":"https:\/\/ferberg.com\/fi\/yhteystiedot\/","url":"https:\/\/ferberg.com\/fi\/yhteystiedot\/","name":"Yhteystiedot, osoite, puhelinnumerot - lastausrampit FERBERG Suomessa","isPartOf":{"@id":"https:\/\/nl.ferberg.com\/fi\/#website"},"datePublished":"2021-11-04T06:43:36+00:00","dateModified":"2026-02-19T16:51:23+00:00","description":"Olemme aina yhteydess\u00e4. Asiantuntijamme vastaavat mielell\u00e4\u00e4n kaikkiin kysymyksiisi.","breadcrumb":{"@id":"https:\/\/ferberg.com\/fi\/yhteystiedot\/#breadcrumb"},"inLanguage":"fi","potentialAction":[{"@type":"ReadAction","target":["https:\/\/ferberg.com\/fi\/yhteystiedot\/"]}]},{"@type":"BreadcrumbList","@id":"https:\/\/ferberg.com\/fi\/yhteystiedot\/#breadcrumb","itemListElement":[{"@type":"ListItem","position":1,"name":"Home","item":"https:\/\/ferberg.com\/fi\/"},{"@type":"ListItem","position":2,"name":"Yhteystiedot"}]},{"@type":"WebSite","@id":"https:\/\/nl.ferberg.com\/fi\/#website","url":"https:\/\/nl.ferberg.com\/fi\/","name":"FERBERG","description":"WAREHOUSE EQUIPMENT MANUFACTURER #1","publisher":{"@id":"https:\/\/nl.ferberg.com\/fi\/#organization"},"alternateName":"FERBERG","potentialAction":[{"@type":"SearchAction","target":{"@type":"EntryPoint","urlTemplate":"https:\/\/nl.ferberg.com\/fi\/?s={search_term_string}"},"query-input":{"@type":"PropertyValueSpecification","valueRequired":true,"valueName":"search_term_string"}}],"inLanguage":"fi"},{"@type":"Organization","@id":"https:\/\/nl.ferberg.com\/fi\/#organization","name":"FERBERG","url":"https:\/\/nl.ferberg.com\/fi\/","logo":{"@type":"ImageObject","inLanguage":"fi","@id":"https:\/\/nl.ferberg.com\/fi\/#\/schema\/logo\/image\/","url":"https:\/\/ferberg.com\/wp-content\/uploads\/2023\/05\/favicon.ico","contentUrl":"https:\/\/ferberg.com\/wp-content\/uploads\/2023\/05\/favicon.ico","width":48,"height":48,"caption":"FERBERG"},"image":{"@id":"https:\/\/nl.ferberg.com\/fi\/#\/schema\/logo\/image\/"}}]}},"_links":{"self":[{"href":"https:\/\/ferberg.com\/fi\/wp-json\/wp\/v2\/pages\/1463","targetHints":{"allow":["GET"]}}],"collection":[{"href":"https:\/\/ferberg.com\/fi\/wp-json\/wp\/v2\/pages"}],"about":[{"href":"https:\/\/ferberg.com\/fi\/wp-json\/wp\/v2\/types\/page"}],"author":[{"embeddable":true,"href":"https:\/\/ferberg.com\/fi\/wp-json\/wp\/v2\/users\/1"}],"replies":[{"embeddable":true,"href":"https:\/\/ferberg.com\/fi\/wp-json\/wp\/v2\/comments?post=1463"}],"version-history":[{"count":6,"href":"https:\/\/ferberg.com\/fi\/wp-json\/wp\/v2\/pages\/1463\/revisions"}],"predecessor-version":[{"id":35562,"href":"https:\/\/ferberg.com\/fi\/wp-json\/wp\/v2\/pages\/1463\/revisions\/35562"}],"wp:attachment":[{"href":"https:\/\/ferberg.com\/fi\/wp-json\/wp\/v2\/media?parent=1463"}],"curies":[{"name":"wp","href":"https:\/\/api.w.org\/{rel}","templated":true}]}}