{"id":1565,"date":"2021-11-04T08:43:36","date_gmt":"2021-11-04T06:43:36","guid":{"rendered":"https:\/\/ferberg.com\/kontakty\/"},"modified":"2026-02-19T18:59:51","modified_gmt":"2026-02-19T16:59:51","slug":"kontaktai","status":"publish","type":"page","link":"https:\/\/ferberg.com\/lt\/kontaktai\/","title":{"rendered":"Kontaktai"},"content":{"rendered":"","protected":false},"excerpt":{"rendered":"","protected":false},"author":1,"featured_media":0,"parent":0,"menu_order":76,"comment_status":"closed","ping_status":"closed","template":"page-contact.php","meta":{"inline_featured_image":false,"ngg_post_thumbnail":0,"footnotes":""},"class_list":["post-1565","page","type-page","status-publish","hentry"],"acf":[],"yoast_head":"<!-- This site is optimized with the Yoast SEO plugin v26.5 - https:\/\/yoast.com\/wordpress\/plugins\/seo\/ -->\n<title>Kontaktai, adresas, telefonas - pakrovimo rampos FERBERG Lietuvoje<\/title>\n<meta name=\"description\" content=\"Mes visada palaikome ry\u0161\u012f. M\u016bs\u0173 specialistai mielai atsakys \u012f visus J\u016bs\u0173 klausimus.\" \/>\n<meta name=\"robots\" content=\"index, follow, max-snippet:-1, max-image-preview:large, max-video-preview:-1\" \/>\n<link rel=\"canonical\" href=\"https:\/\/ferberg.com\/lt\/kontaktai\/\" \/>\n<meta property=\"og:locale\" content=\"lt_LT\" \/>\n<meta property=\"og:type\" content=\"article\" \/>\n<meta property=\"og:title\" content=\"Kontaktai, adresas, telefonas - pakrovimo rampos FERBERG Lietuvoje\" \/>\n<meta property=\"og:description\" content=\"Mes visada palaikome ry\u0161\u012f. M\u016bs\u0173 specialistai mielai atsakys \u012f visus J\u016bs\u0173 klausimus.\" \/>\n<meta property=\"og:url\" content=\"https:\/\/ferberg.com\/lt\/kontaktai\/\" \/>\n<meta property=\"og:site_name\" content=\"FERBERG\" \/>\n<meta property=\"article:modified_time\" content=\"2026-02-19T16:59:51+00:00\" \/>\n<meta name=\"twitter:card\" content=\"summary_large_image\" \/>\n<script type=\"application\/ld+json\" class=\"yoast-schema-graph\">{\"@context\":\"https:\/\/schema.org\",\"@graph\":[{\"@type\":\"WebPage\",\"@id\":\"https:\/\/ferberg.com\/lt\/kontaktai\/\",\"url\":\"https:\/\/ferberg.com\/lt\/kontaktai\/\",\"name\":\"Kontaktai, adresas, telefonas - pakrovimo rampos FERBERG Lietuvoje\",\"isPartOf\":{\"@id\":\"https:\/\/nl.ferberg.com\/lt\/#website\"},\"datePublished\":\"2021-11-04T06:43:36+00:00\",\"dateModified\":\"2026-02-19T16:59:51+00:00\",\"description\":\"Mes visada palaikome ry\u0161\u012f. M\u016bs\u0173 specialistai mielai atsakys \u012f visus J\u016bs\u0173 klausimus.\",\"breadcrumb\":{\"@id\":\"https:\/\/ferberg.com\/lt\/kontaktai\/#breadcrumb\"},\"inLanguage\":\"lt-LT\",\"potentialAction\":[{\"@type\":\"ReadAction\",\"target\":[\"https:\/\/ferberg.com\/lt\/kontaktai\/\"]}]},{\"@type\":\"BreadcrumbList\",\"@id\":\"https:\/\/ferberg.com\/lt\/kontaktai\/#breadcrumb\",\"itemListElement\":[{\"@type\":\"ListItem\",\"position\":1,\"name\":\"Home\",\"item\":\"https:\/\/ferberg.com\/lt\/\"},{\"@type\":\"ListItem\",\"position\":2,\"name\":\"Kontaktai\"}]},{\"@type\":\"WebSite\",\"@id\":\"https:\/\/nl.ferberg.com\/lt\/#website\",\"url\":\"https:\/\/nl.ferberg.com\/lt\/\",\"name\":\"FERBERG\",\"description\":\"WAREHOUSE EQUIPMENT MANUFACTURER #1\",\"publisher\":{\"@id\":\"https:\/\/nl.ferberg.com\/lt\/#organization\"},\"alternateName\":\"FERBERG\",\"potentialAction\":[{\"@type\":\"SearchAction\",\"target\":{\"@type\":\"EntryPoint\",\"urlTemplate\":\"https:\/\/nl.ferberg.com\/lt\/?s={search_term_string}\"},\"query-input\":{\"@type\":\"PropertyValueSpecification\",\"valueRequired\":true,\"valueName\":\"search_term_string\"}}],\"inLanguage\":\"lt-LT\"},{\"@type\":\"Organization\",\"@id\":\"https:\/\/nl.ferberg.com\/lt\/#organization\",\"name\":\"FERBERG\",\"url\":\"https:\/\/nl.ferberg.com\/lt\/\",\"logo\":{\"@type\":\"ImageObject\",\"inLanguage\":\"lt-LT\",\"@id\":\"https:\/\/nl.ferberg.com\/lt\/#\/schema\/logo\/image\/\",\"url\":\"https:\/\/ferberg.com\/wp-content\/uploads\/2023\/05\/favicon.ico\",\"contentUrl\":\"https:\/\/ferberg.com\/wp-content\/uploads\/2023\/05\/favicon.ico\",\"width\":48,\"height\":48,\"caption\":\"FERBERG\"},\"image\":{\"@id\":\"https:\/\/nl.ferberg.com\/lt\/#\/schema\/logo\/image\/\"}}]}<\/script>\n<!-- \/ Yoast SEO plugin. -->","yoast_head_json":{"title":"Kontaktai, adresas, telefonas - pakrovimo rampos FERBERG Lietuvoje","description":"Mes visada palaikome ry\u0161\u012f. M\u016bs\u0173 specialistai mielai atsakys \u012f visus J\u016bs\u0173 klausimus.","robots":{"index":"index","follow":"follow","max-snippet":"max-snippet:-1","max-image-preview":"max-image-preview:large","max-video-preview":"max-video-preview:-1"},"canonical":"https:\/\/ferberg.com\/lt\/kontaktai\/","og_locale":"lt_LT","og_type":"article","og_title":"Kontaktai, adresas, telefonas - pakrovimo rampos FERBERG Lietuvoje","og_description":"Mes visada palaikome ry\u0161\u012f. M\u016bs\u0173 specialistai mielai atsakys \u012f visus J\u016bs\u0173 klausimus.","og_url":"https:\/\/ferberg.com\/lt\/kontaktai\/","og_site_name":"FERBERG","article_modified_time":"2026-02-19T16:59:51+00:00","twitter_card":"summary_large_image","schema":{"@context":"https:\/\/schema.org","@graph":[{"@type":"WebPage","@id":"https:\/\/ferberg.com\/lt\/kontaktai\/","url":"https:\/\/ferberg.com\/lt\/kontaktai\/","name":"Kontaktai, adresas, telefonas - pakrovimo rampos FERBERG Lietuvoje","isPartOf":{"@id":"https:\/\/nl.ferberg.com\/lt\/#website"},"datePublished":"2021-11-04T06:43:36+00:00","dateModified":"2026-02-19T16:59:51+00:00","description":"Mes visada palaikome ry\u0161\u012f. M\u016bs\u0173 specialistai mielai atsakys \u012f visus J\u016bs\u0173 klausimus.","breadcrumb":{"@id":"https:\/\/ferberg.com\/lt\/kontaktai\/#breadcrumb"},"inLanguage":"lt-LT","potentialAction":[{"@type":"ReadAction","target":["https:\/\/ferberg.com\/lt\/kontaktai\/"]}]},{"@type":"BreadcrumbList","@id":"https:\/\/ferberg.com\/lt\/kontaktai\/#breadcrumb","itemListElement":[{"@type":"ListItem","position":1,"name":"Home","item":"https:\/\/ferberg.com\/lt\/"},{"@type":"ListItem","position":2,"name":"Kontaktai"}]},{"@type":"WebSite","@id":"https:\/\/nl.ferberg.com\/lt\/#website","url":"https:\/\/nl.ferberg.com\/lt\/","name":"FERBERG","description":"WAREHOUSE EQUIPMENT MANUFACTURER #1","publisher":{"@id":"https:\/\/nl.ferberg.com\/lt\/#organization"},"alternateName":"FERBERG","potentialAction":[{"@type":"SearchAction","target":{"@type":"EntryPoint","urlTemplate":"https:\/\/nl.ferberg.com\/lt\/?s={search_term_string}"},"query-input":{"@type":"PropertyValueSpecification","valueRequired":true,"valueName":"search_term_string"}}],"inLanguage":"lt-LT"},{"@type":"Organization","@id":"https:\/\/nl.ferberg.com\/lt\/#organization","name":"FERBERG","url":"https:\/\/nl.ferberg.com\/lt\/","logo":{"@type":"ImageObject","inLanguage":"lt-LT","@id":"https:\/\/nl.ferberg.com\/lt\/#\/schema\/logo\/image\/","url":"https:\/\/ferberg.com\/wp-content\/uploads\/2023\/05\/favicon.ico","contentUrl":"https:\/\/ferberg.com\/wp-content\/uploads\/2023\/05\/favicon.ico","width":48,"height":48,"caption":"FERBERG"},"image":{"@id":"https:\/\/nl.ferberg.com\/lt\/#\/schema\/logo\/image\/"}}]}},"_links":{"self":[{"href":"https:\/\/ferberg.com\/lt\/wp-json\/wp\/v2\/pages\/1565","targetHints":{"allow":["GET"]}}],"collection":[{"href":"https:\/\/ferberg.com\/lt\/wp-json\/wp\/v2\/pages"}],"about":[{"href":"https:\/\/ferberg.com\/lt\/wp-json\/wp\/v2\/types\/page"}],"author":[{"embeddable":true,"href":"https:\/\/ferberg.com\/lt\/wp-json\/wp\/v2\/users\/1"}],"replies":[{"embeddable":true,"href":"https:\/\/ferberg.com\/lt\/wp-json\/wp\/v2\/comments?post=1565"}],"version-history":[{"count":9,"href":"https:\/\/ferberg.com\/lt\/wp-json\/wp\/v2\/pages\/1565\/revisions"}],"predecessor-version":[{"id":35568,"href":"https:\/\/ferberg.com\/lt\/wp-json\/wp\/v2\/pages\/1565\/revisions\/35568"}],"wp:attachment":[{"href":"https:\/\/ferberg.com\/lt\/wp-json\/wp\/v2\/media?parent=1565"}],"curies":[{"name":"wp","href":"https:\/\/api.w.org\/{rel}","templated":true}]}}