{"id":320,"date":"2021-11-10T14:49:46","date_gmt":"2021-11-10T12:49:46","guid":{"rendered":"https:\/\/ferberg.com\/?page_id=320"},"modified":"2025-11-26T09:00:39","modified_gmt":"2025-11-26T07:00:39","slug":"litovskij","status":"publish","type":"page","link":"https:\/\/ferberg.com\/lt\/","title":{"rendered":"Prad\u017eia"},"content":{"rendered":"","protected":false},"excerpt":{"rendered":"","protected":false},"author":1,"featured_media":0,"parent":0,"menu_order":78,"comment_status":"closed","ping_status":"closed","template":"","meta":{"inline_featured_image":false,"ngg_post_thumbnail":0,"footnotes":""},"class_list":["post-320","page","type-page","status-publish","hentry"],"acf":[],"yoast_head":"<!-- This site is optimized with the Yoast SEO plugin v26.5 - https:\/\/yoast.com\/wordpress\/plugins\/seo\/ -->\n<title>Pakrovimo rampa, mobilioji rampa i\u0161 gamintojo Lietuvoje - FERBERG<\/title>\n<meta name=\"description\" content=\"Mobilios pakrovimo rampos. Bet kokio sud\u0117tingumo sunkve\u017eimi\u0173 ir konteineri\u0173 pakrovimo ramp\u0173 gamyba. Didelis pasirinkimas. Palankios kainos.\" \/>\n<meta name=\"robots\" content=\"index, follow, max-snippet:-1, max-image-preview:large, max-video-preview:-1\" \/>\n<link rel=\"canonical\" href=\"https:\/\/ferberg.com\/lt\/\" \/>\n<meta property=\"og:locale\" content=\"lt_LT\" \/>\n<meta property=\"og:type\" content=\"article\" \/>\n<meta property=\"og:title\" content=\"Pakrovimo rampa, mobilioji rampa i\u0161 gamintojo Lietuvoje - FERBERG\" \/>\n<meta property=\"og:description\" content=\"Mobilios pakrovimo rampos. Bet kokio sud\u0117tingumo sunkve\u017eimi\u0173 ir konteineri\u0173 pakrovimo ramp\u0173 gamyba. Didelis pasirinkimas. Palankios kainos.\" \/>\n<meta property=\"og:url\" content=\"https:\/\/ferberg.com\/lt\/\" \/>\n<meta property=\"og:site_name\" content=\"FERBERG\" \/>\n<meta property=\"article:modified_time\" content=\"2025-11-26T07:00:39+00:00\" \/>\n<meta name=\"twitter:card\" content=\"summary_large_image\" \/>\n<script type=\"application\/ld+json\" class=\"yoast-schema-graph\">{\"@context\":\"https:\/\/schema.org\",\"@graph\":[{\"@type\":\"WebPage\",\"@id\":\"https:\/\/ferberg.com\/lt\/\",\"url\":\"https:\/\/ferberg.com\/lt\/\",\"name\":\"Pakrovimo rampa, mobilioji rampa i\u0161 gamintojo Lietuvoje - FERBERG\",\"isPartOf\":{\"@id\":\"https:\/\/nl.ferberg.com\/lt\/#website\"},\"datePublished\":\"2021-11-10T12:49:46+00:00\",\"dateModified\":\"2025-11-26T07:00:39+00:00\",\"description\":\"Mobilios pakrovimo rampos. Bet kokio sud\u0117tingumo sunkve\u017eimi\u0173 ir konteineri\u0173 pakrovimo ramp\u0173 gamyba. Didelis pasirinkimas. Palankios kainos.\",\"breadcrumb\":{\"@id\":\"https:\/\/ferberg.com\/lt\/#breadcrumb\"},\"inLanguage\":\"lt-LT\",\"potentialAction\":[{\"@type\":\"ReadAction\",\"target\":[\"https:\/\/ferberg.com\/lt\/\"]}]},{\"@type\":\"BreadcrumbList\",\"@id\":\"https:\/\/ferberg.com\/lt\/#breadcrumb\",\"itemListElement\":[{\"@type\":\"ListItem\",\"position\":1,\"name\":\"Home\",\"item\":\"https:\/\/ferberg.com\/lt\/\"},{\"@type\":\"ListItem\",\"position\":2,\"name\":\"Prad\u017eia\"}]},{\"@type\":\"WebSite\",\"@id\":\"https:\/\/nl.ferberg.com\/lt\/#website\",\"url\":\"https:\/\/nl.ferberg.com\/lt\/\",\"name\":\"FERBERG\",\"description\":\"WAREHOUSE EQUIPMENT MANUFACTURER #1\",\"publisher\":{\"@id\":\"https:\/\/nl.ferberg.com\/lt\/#organization\"},\"alternateName\":\"FERBERG\",\"potentialAction\":[{\"@type\":\"SearchAction\",\"target\":{\"@type\":\"EntryPoint\",\"urlTemplate\":\"https:\/\/nl.ferberg.com\/lt\/?s={search_term_string}\"},\"query-input\":{\"@type\":\"PropertyValueSpecification\",\"valueRequired\":true,\"valueName\":\"search_term_string\"}}],\"inLanguage\":\"lt-LT\"},{\"@type\":\"Organization\",\"@id\":\"https:\/\/nl.ferberg.com\/lt\/#organization\",\"name\":\"FERBERG\",\"url\":\"https:\/\/nl.ferberg.com\/lt\/\",\"logo\":{\"@type\":\"ImageObject\",\"inLanguage\":\"lt-LT\",\"@id\":\"https:\/\/nl.ferberg.com\/lt\/#\/schema\/logo\/image\/\",\"url\":\"https:\/\/ferberg.com\/wp-content\/uploads\/2023\/05\/favicon.ico\",\"contentUrl\":\"https:\/\/ferberg.com\/wp-content\/uploads\/2023\/05\/favicon.ico\",\"width\":48,\"height\":48,\"caption\":\"FERBERG\"},\"image\":{\"@id\":\"https:\/\/nl.ferberg.com\/lt\/#\/schema\/logo\/image\/\"}}]}<\/script>\n<!-- \/ Yoast SEO plugin. -->","yoast_head_json":{"title":"Pakrovimo rampa, mobilioji rampa i\u0161 gamintojo Lietuvoje - FERBERG","description":"Mobilios pakrovimo rampos. Bet kokio sud\u0117tingumo sunkve\u017eimi\u0173 ir konteineri\u0173 pakrovimo ramp\u0173 gamyba. Didelis pasirinkimas. Palankios kainos.","robots":{"index":"index","follow":"follow","max-snippet":"max-snippet:-1","max-image-preview":"max-image-preview:large","max-video-preview":"max-video-preview:-1"},"canonical":"https:\/\/ferberg.com\/lt\/","og_locale":"lt_LT","og_type":"article","og_title":"Pakrovimo rampa, mobilioji rampa i\u0161 gamintojo Lietuvoje - FERBERG","og_description":"Mobilios pakrovimo rampos. Bet kokio sud\u0117tingumo sunkve\u017eimi\u0173 ir konteineri\u0173 pakrovimo ramp\u0173 gamyba. Didelis pasirinkimas. Palankios kainos.","og_url":"https:\/\/ferberg.com\/lt\/","og_site_name":"FERBERG","article_modified_time":"2025-11-26T07:00:39+00:00","twitter_card":"summary_large_image","schema":{"@context":"https:\/\/schema.org","@graph":[{"@type":"WebPage","@id":"https:\/\/ferberg.com\/lt\/","url":"https:\/\/ferberg.com\/lt\/","name":"Pakrovimo rampa, mobilioji rampa i\u0161 gamintojo Lietuvoje - FERBERG","isPartOf":{"@id":"https:\/\/nl.ferberg.com\/lt\/#website"},"datePublished":"2021-11-10T12:49:46+00:00","dateModified":"2025-11-26T07:00:39+00:00","description":"Mobilios pakrovimo rampos. Bet kokio sud\u0117tingumo sunkve\u017eimi\u0173 ir konteineri\u0173 pakrovimo ramp\u0173 gamyba. Didelis pasirinkimas. Palankios kainos.","breadcrumb":{"@id":"https:\/\/ferberg.com\/lt\/#breadcrumb"},"inLanguage":"lt-LT","potentialAction":[{"@type":"ReadAction","target":["https:\/\/ferberg.com\/lt\/"]}]},{"@type":"BreadcrumbList","@id":"https:\/\/ferberg.com\/lt\/#breadcrumb","itemListElement":[{"@type":"ListItem","position":1,"name":"Home","item":"https:\/\/ferberg.com\/lt\/"},{"@type":"ListItem","position":2,"name":"Prad\u017eia"}]},{"@type":"WebSite","@id":"https:\/\/nl.ferberg.com\/lt\/#website","url":"https:\/\/nl.ferberg.com\/lt\/","name":"FERBERG","description":"WAREHOUSE EQUIPMENT MANUFACTURER #1","publisher":{"@id":"https:\/\/nl.ferberg.com\/lt\/#organization"},"alternateName":"FERBERG","potentialAction":[{"@type":"SearchAction","target":{"@type":"EntryPoint","urlTemplate":"https:\/\/nl.ferberg.com\/lt\/?s={search_term_string}"},"query-input":{"@type":"PropertyValueSpecification","valueRequired":true,"valueName":"search_term_string"}}],"inLanguage":"lt-LT"},{"@type":"Organization","@id":"https:\/\/nl.ferberg.com\/lt\/#organization","name":"FERBERG","url":"https:\/\/nl.ferberg.com\/lt\/","logo":{"@type":"ImageObject","inLanguage":"lt-LT","@id":"https:\/\/nl.ferberg.com\/lt\/#\/schema\/logo\/image\/","url":"https:\/\/ferberg.com\/wp-content\/uploads\/2023\/05\/favicon.ico","contentUrl":"https:\/\/ferberg.com\/wp-content\/uploads\/2023\/05\/favicon.ico","width":48,"height":48,"caption":"FERBERG"},"image":{"@id":"https:\/\/nl.ferberg.com\/lt\/#\/schema\/logo\/image\/"}}]}},"_links":{"self":[{"href":"https:\/\/ferberg.com\/lt\/wp-json\/wp\/v2\/pages\/320","targetHints":{"allow":["GET"]}}],"collection":[{"href":"https:\/\/ferberg.com\/lt\/wp-json\/wp\/v2\/pages"}],"about":[{"href":"https:\/\/ferberg.com\/lt\/wp-json\/wp\/v2\/types\/page"}],"author":[{"embeddable":true,"href":"https:\/\/ferberg.com\/lt\/wp-json\/wp\/v2\/users\/1"}],"replies":[{"embeddable":true,"href":"https:\/\/ferberg.com\/lt\/wp-json\/wp\/v2\/comments?post=320"}],"version-history":[{"count":14,"href":"https:\/\/ferberg.com\/lt\/wp-json\/wp\/v2\/pages\/320\/revisions"}],"predecessor-version":[{"id":35029,"href":"https:\/\/ferberg.com\/lt\/wp-json\/wp\/v2\/pages\/320\/revisions\/35029"}],"wp:attachment":[{"href":"https:\/\/ferberg.com\/lt\/wp-json\/wp\/v2\/media?parent=320"}],"curies":[{"name":"wp","href":"https:\/\/api.w.org\/{rel}","templated":true}]}}