{"id":1593,"date":"2021-11-04T08:43:36","date_gmt":"2021-11-04T06:43:36","guid":{"rendered":"https:\/\/ferberg.com\/kontakty\/"},"modified":"2026-02-19T19:01:14","modified_gmt":"2026-02-19T17:01:14","slug":"kontakty","status":"publish","type":"page","link":"https:\/\/ferberg.com\/pl\/kontakty\/","title":{"rendered":"Kontakty"},"content":{"rendered":"","protected":false},"excerpt":{"rendered":"","protected":false},"author":1,"featured_media":0,"parent":0,"menu_order":76,"comment_status":"closed","ping_status":"closed","template":"page-contact.php","meta":{"inline_featured_image":false,"ngg_post_thumbnail":0,"footnotes":""},"class_list":["post-1593","page","type-page","status-publish","hentry"],"acf":[],"yoast_head":"<!-- This site is optimized with the Yoast SEO plugin v26.5 - https:\/\/yoast.com\/wordpress\/plugins\/seo\/ -->\n<title>Kontakty, adres, telefon - rampy za\u0142adunkowe FERBERG w Polsce<\/title>\n<meta name=\"description\" content=\"Jeste\u015bmy zawsze w kontakcie. Nasi specjali\u015bci ch\u0119tnie odpowiedz\u0105 na wszystkie Pa\u0144stwa pytania.\" \/>\n<meta name=\"robots\" content=\"index, follow, max-snippet:-1, max-image-preview:large, max-video-preview:-1\" \/>\n<link rel=\"canonical\" href=\"https:\/\/ferberg.com\/pl\/kontakty\/\" \/>\n<meta property=\"og:locale\" content=\"pl_PL\" \/>\n<meta property=\"og:type\" content=\"article\" \/>\n<meta property=\"og:title\" content=\"Kontakty, adres, telefon - rampy za\u0142adunkowe FERBERG w Polsce\" \/>\n<meta property=\"og:description\" content=\"Jeste\u015bmy zawsze w kontakcie. Nasi specjali\u015bci ch\u0119tnie odpowiedz\u0105 na wszystkie Pa\u0144stwa pytania.\" \/>\n<meta property=\"og:url\" content=\"https:\/\/ferberg.com\/pl\/kontakty\/\" \/>\n<meta property=\"og:site_name\" content=\"FERBERG\" \/>\n<meta property=\"article:modified_time\" content=\"2026-02-19T17:01:14+00:00\" \/>\n<meta name=\"twitter:card\" content=\"summary_large_image\" \/>\n<script type=\"application\/ld+json\" class=\"yoast-schema-graph\">{\"@context\":\"https:\/\/schema.org\",\"@graph\":[{\"@type\":\"WebPage\",\"@id\":\"https:\/\/ferberg.com\/pl\/kontakty\/\",\"url\":\"https:\/\/ferberg.com\/pl\/kontakty\/\",\"name\":\"Kontakty, adres, telefon - rampy za\u0142adunkowe FERBERG w Polsce\",\"isPartOf\":{\"@id\":\"https:\/\/nl.ferberg.com\/pl\/#website\"},\"datePublished\":\"2021-11-04T06:43:36+00:00\",\"dateModified\":\"2026-02-19T17:01:14+00:00\",\"description\":\"Jeste\u015bmy zawsze w kontakcie. Nasi specjali\u015bci ch\u0119tnie odpowiedz\u0105 na wszystkie Pa\u0144stwa pytania.\",\"breadcrumb\":{\"@id\":\"https:\/\/ferberg.com\/pl\/kontakty\/#breadcrumb\"},\"inLanguage\":\"pl-PL\",\"potentialAction\":[{\"@type\":\"ReadAction\",\"target\":[\"https:\/\/ferberg.com\/pl\/kontakty\/\"]}]},{\"@type\":\"BreadcrumbList\",\"@id\":\"https:\/\/ferberg.com\/pl\/kontakty\/#breadcrumb\",\"itemListElement\":[{\"@type\":\"ListItem\",\"position\":1,\"name\":\"Home\",\"item\":\"https:\/\/ferberg.com\/pl\/\"},{\"@type\":\"ListItem\",\"position\":2,\"name\":\"Kontakty\"}]},{\"@type\":\"WebSite\",\"@id\":\"https:\/\/nl.ferberg.com\/pl\/#website\",\"url\":\"https:\/\/nl.ferberg.com\/pl\/\",\"name\":\"FERBERG\",\"description\":\"WAREHOUSE EQUIPMENT MANUFACTURER #1\",\"publisher\":{\"@id\":\"https:\/\/nl.ferberg.com\/pl\/#organization\"},\"alternateName\":\"FERBERG\",\"potentialAction\":[{\"@type\":\"SearchAction\",\"target\":{\"@type\":\"EntryPoint\",\"urlTemplate\":\"https:\/\/nl.ferberg.com\/pl\/?s={search_term_string}\"},\"query-input\":{\"@type\":\"PropertyValueSpecification\",\"valueRequired\":true,\"valueName\":\"search_term_string\"}}],\"inLanguage\":\"pl-PL\"},{\"@type\":\"Organization\",\"@id\":\"https:\/\/nl.ferberg.com\/pl\/#organization\",\"name\":\"FERBERG\",\"url\":\"https:\/\/nl.ferberg.com\/pl\/\",\"logo\":{\"@type\":\"ImageObject\",\"inLanguage\":\"pl-PL\",\"@id\":\"https:\/\/nl.ferberg.com\/pl\/#\/schema\/logo\/image\/\",\"url\":\"https:\/\/ferberg.com\/wp-content\/uploads\/2023\/05\/favicon.ico\",\"contentUrl\":\"https:\/\/ferberg.com\/wp-content\/uploads\/2023\/05\/favicon.ico\",\"width\":48,\"height\":48,\"caption\":\"FERBERG\"},\"image\":{\"@id\":\"https:\/\/nl.ferberg.com\/pl\/#\/schema\/logo\/image\/\"}}]}<\/script>\n<!-- \/ Yoast SEO plugin. -->","yoast_head_json":{"title":"Kontakty, adres, telefon - rampy za\u0142adunkowe FERBERG w Polsce","description":"Jeste\u015bmy zawsze w kontakcie. Nasi specjali\u015bci ch\u0119tnie odpowiedz\u0105 na wszystkie Pa\u0144stwa pytania.","robots":{"index":"index","follow":"follow","max-snippet":"max-snippet:-1","max-image-preview":"max-image-preview:large","max-video-preview":"max-video-preview:-1"},"canonical":"https:\/\/ferberg.com\/pl\/kontakty\/","og_locale":"pl_PL","og_type":"article","og_title":"Kontakty, adres, telefon - rampy za\u0142adunkowe FERBERG w Polsce","og_description":"Jeste\u015bmy zawsze w kontakcie. Nasi specjali\u015bci ch\u0119tnie odpowiedz\u0105 na wszystkie Pa\u0144stwa pytania.","og_url":"https:\/\/ferberg.com\/pl\/kontakty\/","og_site_name":"FERBERG","article_modified_time":"2026-02-19T17:01:14+00:00","twitter_card":"summary_large_image","schema":{"@context":"https:\/\/schema.org","@graph":[{"@type":"WebPage","@id":"https:\/\/ferberg.com\/pl\/kontakty\/","url":"https:\/\/ferberg.com\/pl\/kontakty\/","name":"Kontakty, adres, telefon - rampy za\u0142adunkowe FERBERG w Polsce","isPartOf":{"@id":"https:\/\/nl.ferberg.com\/pl\/#website"},"datePublished":"2021-11-04T06:43:36+00:00","dateModified":"2026-02-19T17:01:14+00:00","description":"Jeste\u015bmy zawsze w kontakcie. Nasi specjali\u015bci ch\u0119tnie odpowiedz\u0105 na wszystkie Pa\u0144stwa pytania.","breadcrumb":{"@id":"https:\/\/ferberg.com\/pl\/kontakty\/#breadcrumb"},"inLanguage":"pl-PL","potentialAction":[{"@type":"ReadAction","target":["https:\/\/ferberg.com\/pl\/kontakty\/"]}]},{"@type":"BreadcrumbList","@id":"https:\/\/ferberg.com\/pl\/kontakty\/#breadcrumb","itemListElement":[{"@type":"ListItem","position":1,"name":"Home","item":"https:\/\/ferberg.com\/pl\/"},{"@type":"ListItem","position":2,"name":"Kontakty"}]},{"@type":"WebSite","@id":"https:\/\/nl.ferberg.com\/pl\/#website","url":"https:\/\/nl.ferberg.com\/pl\/","name":"FERBERG","description":"WAREHOUSE EQUIPMENT MANUFACTURER #1","publisher":{"@id":"https:\/\/nl.ferberg.com\/pl\/#organization"},"alternateName":"FERBERG","potentialAction":[{"@type":"SearchAction","target":{"@type":"EntryPoint","urlTemplate":"https:\/\/nl.ferberg.com\/pl\/?s={search_term_string}"},"query-input":{"@type":"PropertyValueSpecification","valueRequired":true,"valueName":"search_term_string"}}],"inLanguage":"pl-PL"},{"@type":"Organization","@id":"https:\/\/nl.ferberg.com\/pl\/#organization","name":"FERBERG","url":"https:\/\/nl.ferberg.com\/pl\/","logo":{"@type":"ImageObject","inLanguage":"pl-PL","@id":"https:\/\/nl.ferberg.com\/pl\/#\/schema\/logo\/image\/","url":"https:\/\/ferberg.com\/wp-content\/uploads\/2023\/05\/favicon.ico","contentUrl":"https:\/\/ferberg.com\/wp-content\/uploads\/2023\/05\/favicon.ico","width":48,"height":48,"caption":"FERBERG"},"image":{"@id":"https:\/\/nl.ferberg.com\/pl\/#\/schema\/logo\/image\/"}}]}},"_links":{"self":[{"href":"https:\/\/ferberg.com\/pl\/wp-json\/wp\/v2\/pages\/1593","targetHints":{"allow":["GET"]}}],"collection":[{"href":"https:\/\/ferberg.com\/pl\/wp-json\/wp\/v2\/pages"}],"about":[{"href":"https:\/\/ferberg.com\/pl\/wp-json\/wp\/v2\/types\/page"}],"author":[{"embeddable":true,"href":"https:\/\/ferberg.com\/pl\/wp-json\/wp\/v2\/users\/1"}],"replies":[{"embeddable":true,"href":"https:\/\/ferberg.com\/pl\/wp-json\/wp\/v2\/comments?post=1593"}],"version-history":[{"count":10,"href":"https:\/\/ferberg.com\/pl\/wp-json\/wp\/v2\/pages\/1593\/revisions"}],"predecessor-version":[{"id":35570,"href":"https:\/\/ferberg.com\/pl\/wp-json\/wp\/v2\/pages\/1593\/revisions\/35570"}],"wp:attachment":[{"href":"https:\/\/ferberg.com\/pl\/wp-json\/wp\/v2\/media?parent=1593"}],"curies":[{"name":"wp","href":"https:\/\/api.w.org\/{rel}","templated":true}]}}