{"id":326,"date":"2021-11-10T14:51:51","date_gmt":"2021-11-10T12:51:51","guid":{"rendered":"https:\/\/ferberg.com\/?page_id=326"},"modified":"2025-11-26T09:01:47","modified_gmt":"2025-11-26T07:01:47","slug":"polskij","status":"publish","type":"page","link":"https:\/\/ferberg.com\/pl\/","title":{"rendered":"Start"},"content":{"rendered":"","protected":false},"excerpt":{"rendered":"","protected":false},"author":1,"featured_media":0,"parent":0,"menu_order":78,"comment_status":"closed","ping_status":"closed","template":"","meta":{"inline_featured_image":false,"ngg_post_thumbnail":0,"footnotes":""},"class_list":["post-326","page","type-page","status-publish","hentry"],"acf":[],"yoast_head":"<!-- This site is optimized with the Yoast SEO plugin v26.5 - https:\/\/yoast.com\/wordpress\/plugins\/seo\/ -->\n<title>Rampa prze\u0142adunkowa, rampa mobilna od producenta w Polsce - FERBERG<\/title>\n<meta name=\"description\" content=\"Rampy mobilne za\u0142adunkowe. Produkcja ramp za\u0142adunkowych o dowolnej z\u0142o\u017cono\u015bci dla ci\u0119\u017car\u00f3wek i kontener\u00f3w. Ogromny wyb\u00f3r. Korzystne ceny.\" \/>\n<meta name=\"robots\" content=\"index, follow, max-snippet:-1, max-image-preview:large, max-video-preview:-1\" \/>\n<link rel=\"canonical\" href=\"https:\/\/ferberg.com\/pl\/\" \/>\n<meta property=\"og:locale\" content=\"pl_PL\" \/>\n<meta property=\"og:type\" content=\"article\" \/>\n<meta property=\"og:title\" content=\"Rampa prze\u0142adunkowa, rampa mobilna od producenta w Polsce - FERBERG\" \/>\n<meta property=\"og:description\" content=\"Rampy mobilne za\u0142adunkowe. Produkcja ramp za\u0142adunkowych o dowolnej z\u0142o\u017cono\u015bci dla ci\u0119\u017car\u00f3wek i kontener\u00f3w. Ogromny wyb\u00f3r. Korzystne ceny.\" \/>\n<meta property=\"og:url\" content=\"https:\/\/ferberg.com\/pl\/\" \/>\n<meta property=\"og:site_name\" content=\"FERBERG\" \/>\n<meta property=\"article:modified_time\" content=\"2025-11-26T07:01:47+00:00\" \/>\n<meta name=\"twitter:card\" content=\"summary_large_image\" \/>\n<script type=\"application\/ld+json\" class=\"yoast-schema-graph\">{\"@context\":\"https:\/\/schema.org\",\"@graph\":[{\"@type\":\"WebPage\",\"@id\":\"https:\/\/ferberg.com\/pl\/\",\"url\":\"https:\/\/ferberg.com\/pl\/\",\"name\":\"Rampa prze\u0142adunkowa, rampa mobilna od producenta w Polsce - FERBERG\",\"isPartOf\":{\"@id\":\"https:\/\/nl.ferberg.com\/pl\/#website\"},\"datePublished\":\"2021-11-10T12:51:51+00:00\",\"dateModified\":\"2025-11-26T07:01:47+00:00\",\"description\":\"Rampy mobilne za\u0142adunkowe. Produkcja ramp za\u0142adunkowych o dowolnej z\u0142o\u017cono\u015bci dla ci\u0119\u017car\u00f3wek i kontener\u00f3w. Ogromny wyb\u00f3r. Korzystne ceny.\",\"breadcrumb\":{\"@id\":\"https:\/\/ferberg.com\/pl\/#breadcrumb\"},\"inLanguage\":\"pl-PL\",\"potentialAction\":[{\"@type\":\"ReadAction\",\"target\":[\"https:\/\/ferberg.com\/pl\/\"]}]},{\"@type\":\"BreadcrumbList\",\"@id\":\"https:\/\/ferberg.com\/pl\/#breadcrumb\",\"itemListElement\":[{\"@type\":\"ListItem\",\"position\":1,\"name\":\"Home\",\"item\":\"https:\/\/ferberg.com\/pl\/\"},{\"@type\":\"ListItem\",\"position\":2,\"name\":\"Start\"}]},{\"@type\":\"WebSite\",\"@id\":\"https:\/\/nl.ferberg.com\/pl\/#website\",\"url\":\"https:\/\/nl.ferberg.com\/pl\/\",\"name\":\"FERBERG\",\"description\":\"WAREHOUSE EQUIPMENT MANUFACTURER #1\",\"publisher\":{\"@id\":\"https:\/\/nl.ferberg.com\/pl\/#organization\"},\"alternateName\":\"FERBERG\",\"potentialAction\":[{\"@type\":\"SearchAction\",\"target\":{\"@type\":\"EntryPoint\",\"urlTemplate\":\"https:\/\/nl.ferberg.com\/pl\/?s={search_term_string}\"},\"query-input\":{\"@type\":\"PropertyValueSpecification\",\"valueRequired\":true,\"valueName\":\"search_term_string\"}}],\"inLanguage\":\"pl-PL\"},{\"@type\":\"Organization\",\"@id\":\"https:\/\/nl.ferberg.com\/pl\/#organization\",\"name\":\"FERBERG\",\"url\":\"https:\/\/nl.ferberg.com\/pl\/\",\"logo\":{\"@type\":\"ImageObject\",\"inLanguage\":\"pl-PL\",\"@id\":\"https:\/\/nl.ferberg.com\/pl\/#\/schema\/logo\/image\/\",\"url\":\"https:\/\/ferberg.com\/wp-content\/uploads\/2023\/05\/favicon.ico\",\"contentUrl\":\"https:\/\/ferberg.com\/wp-content\/uploads\/2023\/05\/favicon.ico\",\"width\":48,\"height\":48,\"caption\":\"FERBERG\"},\"image\":{\"@id\":\"https:\/\/nl.ferberg.com\/pl\/#\/schema\/logo\/image\/\"}}]}<\/script>\n<!-- \/ Yoast SEO plugin. -->","yoast_head_json":{"title":"Rampa prze\u0142adunkowa, rampa mobilna od producenta w Polsce - FERBERG","description":"Rampy mobilne za\u0142adunkowe. Produkcja ramp za\u0142adunkowych o dowolnej z\u0142o\u017cono\u015bci dla ci\u0119\u017car\u00f3wek i kontener\u00f3w. Ogromny wyb\u00f3r. Korzystne ceny.","robots":{"index":"index","follow":"follow","max-snippet":"max-snippet:-1","max-image-preview":"max-image-preview:large","max-video-preview":"max-video-preview:-1"},"canonical":"https:\/\/ferberg.com\/pl\/","og_locale":"pl_PL","og_type":"article","og_title":"Rampa prze\u0142adunkowa, rampa mobilna od producenta w Polsce - FERBERG","og_description":"Rampy mobilne za\u0142adunkowe. Produkcja ramp za\u0142adunkowych o dowolnej z\u0142o\u017cono\u015bci dla ci\u0119\u017car\u00f3wek i kontener\u00f3w. Ogromny wyb\u00f3r. Korzystne ceny.","og_url":"https:\/\/ferberg.com\/pl\/","og_site_name":"FERBERG","article_modified_time":"2025-11-26T07:01:47+00:00","twitter_card":"summary_large_image","schema":{"@context":"https:\/\/schema.org","@graph":[{"@type":"WebPage","@id":"https:\/\/ferberg.com\/pl\/","url":"https:\/\/ferberg.com\/pl\/","name":"Rampa prze\u0142adunkowa, rampa mobilna od producenta w Polsce - FERBERG","isPartOf":{"@id":"https:\/\/nl.ferberg.com\/pl\/#website"},"datePublished":"2021-11-10T12:51:51+00:00","dateModified":"2025-11-26T07:01:47+00:00","description":"Rampy mobilne za\u0142adunkowe. Produkcja ramp za\u0142adunkowych o dowolnej z\u0142o\u017cono\u015bci dla ci\u0119\u017car\u00f3wek i kontener\u00f3w. Ogromny wyb\u00f3r. Korzystne ceny.","breadcrumb":{"@id":"https:\/\/ferberg.com\/pl\/#breadcrumb"},"inLanguage":"pl-PL","potentialAction":[{"@type":"ReadAction","target":["https:\/\/ferberg.com\/pl\/"]}]},{"@type":"BreadcrumbList","@id":"https:\/\/ferberg.com\/pl\/#breadcrumb","itemListElement":[{"@type":"ListItem","position":1,"name":"Home","item":"https:\/\/ferberg.com\/pl\/"},{"@type":"ListItem","position":2,"name":"Start"}]},{"@type":"WebSite","@id":"https:\/\/nl.ferberg.com\/pl\/#website","url":"https:\/\/nl.ferberg.com\/pl\/","name":"FERBERG","description":"WAREHOUSE EQUIPMENT MANUFACTURER #1","publisher":{"@id":"https:\/\/nl.ferberg.com\/pl\/#organization"},"alternateName":"FERBERG","potentialAction":[{"@type":"SearchAction","target":{"@type":"EntryPoint","urlTemplate":"https:\/\/nl.ferberg.com\/pl\/?s={search_term_string}"},"query-input":{"@type":"PropertyValueSpecification","valueRequired":true,"valueName":"search_term_string"}}],"inLanguage":"pl-PL"},{"@type":"Organization","@id":"https:\/\/nl.ferberg.com\/pl\/#organization","name":"FERBERG","url":"https:\/\/nl.ferberg.com\/pl\/","logo":{"@type":"ImageObject","inLanguage":"pl-PL","@id":"https:\/\/nl.ferberg.com\/pl\/#\/schema\/logo\/image\/","url":"https:\/\/ferberg.com\/wp-content\/uploads\/2023\/05\/favicon.ico","contentUrl":"https:\/\/ferberg.com\/wp-content\/uploads\/2023\/05\/favicon.ico","width":48,"height":48,"caption":"FERBERG"},"image":{"@id":"https:\/\/nl.ferberg.com\/pl\/#\/schema\/logo\/image\/"}}]}},"_links":{"self":[{"href":"https:\/\/ferberg.com\/pl\/wp-json\/wp\/v2\/pages\/326","targetHints":{"allow":["GET"]}}],"collection":[{"href":"https:\/\/ferberg.com\/pl\/wp-json\/wp\/v2\/pages"}],"about":[{"href":"https:\/\/ferberg.com\/pl\/wp-json\/wp\/v2\/types\/page"}],"author":[{"embeddable":true,"href":"https:\/\/ferberg.com\/pl\/wp-json\/wp\/v2\/users\/1"}],"replies":[{"embeddable":true,"href":"https:\/\/ferberg.com\/pl\/wp-json\/wp\/v2\/comments?post=326"}],"version-history":[{"count":18,"href":"https:\/\/ferberg.com\/pl\/wp-json\/wp\/v2\/pages\/326\/revisions"}],"predecessor-version":[{"id":35031,"href":"https:\/\/ferberg.com\/pl\/wp-json\/wp\/v2\/pages\/326\/revisions\/35031"}],"wp:attachment":[{"href":"https:\/\/ferberg.com\/pl\/wp-json\/wp\/v2\/media?parent=326"}],"curies":[{"name":"wp","href":"https:\/\/api.w.org\/{rel}","templated":true}]}}