{"id":6759,"date":"2023-05-31T09:23:34","date_gmt":"2023-05-31T06:23:34","guid":{"rendered":"https:\/\/ferberg.com\/gallery\/"},"modified":"2025-08-28T16:19:52","modified_gmt":"2025-08-28T13:19:52","slug":"galeria","status":"publish","type":"page","link":"https:\/\/ferberg.com\/pl\/galeria\/","title":{"rendered":"Galeria"},"content":{"rendered":"ngg_shortcode_0_placeholder\n","protected":false},"excerpt":{"rendered":"","protected":false},"author":1,"featured_media":0,"parent":0,"menu_order":0,"comment_status":"closed","ping_status":"closed","template":"page-with-banner.php","meta":{"inline_featured_image":false,"ngg_post_thumbnail":0,"footnotes":""},"class_list":["post-6759","page","type-page","status-publish","hentry"],"acf":[],"yoast_head":"<!-- This site is optimized with the Yoast SEO plugin v26.5 - https:\/\/yoast.com\/wordpress\/plugins\/seo\/ -->\n<title>Galeria - Rampy za\u0142adunkowe FERBERG<\/title>\n<meta name=\"description\" content=\"Nasz projekt - Rampy prze\u0142adunkowe - Rampa mobilna - Rampa za\u0142adunkowa tir.\" \/>\n<meta name=\"robots\" content=\"index, follow, max-snippet:-1, max-image-preview:large, max-video-preview:-1\" \/>\n<link rel=\"canonical\" href=\"https:\/\/ferberg.com\/pl\/galeria\/\" \/>\n<meta property=\"og:locale\" content=\"pl_PL\" \/>\n<meta property=\"og:type\" content=\"article\" \/>\n<meta property=\"og:title\" content=\"Galeria - Rampy za\u0142adunkowe FERBERG\" \/>\n<meta property=\"og:description\" content=\"Nasz projekt - Rampy prze\u0142adunkowe - Rampa mobilna - Rampa za\u0142adunkowa tir.\" \/>\n<meta property=\"og:url\" content=\"https:\/\/ferberg.com\/pl\/galeria\/\" \/>\n<meta property=\"og:site_name\" content=\"FERBERG\" \/>\n<meta property=\"article:modified_time\" content=\"2025-08-28T13:19:52+00:00\" \/>\n<meta name=\"twitter:card\" content=\"summary_large_image\" \/>\n<script type=\"application\/ld+json\" class=\"yoast-schema-graph\">{\"@context\":\"https:\/\/schema.org\",\"@graph\":[{\"@type\":\"WebPage\",\"@id\":\"https:\/\/ferberg.com\/pl\/galeria\/\",\"url\":\"https:\/\/ferberg.com\/pl\/galeria\/\",\"name\":\"Galeria - Rampy za\u0142adunkowe FERBERG\",\"isPartOf\":{\"@id\":\"https:\/\/nl.ferberg.com\/pl\/#website\"},\"datePublished\":\"2023-05-31T06:23:34+00:00\",\"dateModified\":\"2025-08-28T13:19:52+00:00\",\"description\":\"Nasz projekt - Rampy prze\u0142adunkowe - Rampa mobilna - Rampa za\u0142adunkowa tir.\",\"breadcrumb\":{\"@id\":\"https:\/\/ferberg.com\/pl\/galeria\/#breadcrumb\"},\"inLanguage\":\"pl-PL\",\"potentialAction\":[{\"@type\":\"ReadAction\",\"target\":[\"https:\/\/ferberg.com\/pl\/galeria\/\"]}]},{\"@type\":\"BreadcrumbList\",\"@id\":\"https:\/\/ferberg.com\/pl\/galeria\/#breadcrumb\",\"itemListElement\":[{\"@type\":\"ListItem\",\"position\":1,\"name\":\"Home\",\"item\":\"https:\/\/ferberg.com\/pl\/\"},{\"@type\":\"ListItem\",\"position\":2,\"name\":\"Galeria\"}]},{\"@type\":\"WebSite\",\"@id\":\"https:\/\/nl.ferberg.com\/pl\/#website\",\"url\":\"https:\/\/nl.ferberg.com\/pl\/\",\"name\":\"FERBERG\",\"description\":\"WAREHOUSE EQUIPMENT MANUFACTURER #1\",\"publisher\":{\"@id\":\"https:\/\/nl.ferberg.com\/pl\/#organization\"},\"alternateName\":\"FERBERG\",\"potentialAction\":[{\"@type\":\"SearchAction\",\"target\":{\"@type\":\"EntryPoint\",\"urlTemplate\":\"https:\/\/nl.ferberg.com\/pl\/?s={search_term_string}\"},\"query-input\":{\"@type\":\"PropertyValueSpecification\",\"valueRequired\":true,\"valueName\":\"search_term_string\"}}],\"inLanguage\":\"pl-PL\"},{\"@type\":\"Organization\",\"@id\":\"https:\/\/nl.ferberg.com\/pl\/#organization\",\"name\":\"FERBERG\",\"url\":\"https:\/\/nl.ferberg.com\/pl\/\",\"logo\":{\"@type\":\"ImageObject\",\"inLanguage\":\"pl-PL\",\"@id\":\"https:\/\/nl.ferberg.com\/pl\/#\/schema\/logo\/image\/\",\"url\":\"https:\/\/ferberg.com\/wp-content\/uploads\/2023\/05\/favicon.ico\",\"contentUrl\":\"https:\/\/ferberg.com\/wp-content\/uploads\/2023\/05\/favicon.ico\",\"width\":48,\"height\":48,\"caption\":\"FERBERG\"},\"image\":{\"@id\":\"https:\/\/nl.ferberg.com\/pl\/#\/schema\/logo\/image\/\"}}]}<\/script>\n<!-- \/ Yoast SEO plugin. -->","yoast_head_json":{"title":"Galeria - Rampy za\u0142adunkowe FERBERG","description":"Nasz projekt - Rampy prze\u0142adunkowe - Rampa mobilna - Rampa za\u0142adunkowa tir.","robots":{"index":"index","follow":"follow","max-snippet":"max-snippet:-1","max-image-preview":"max-image-preview:large","max-video-preview":"max-video-preview:-1"},"canonical":"https:\/\/ferberg.com\/pl\/galeria\/","og_locale":"pl_PL","og_type":"article","og_title":"Galeria - Rampy za\u0142adunkowe FERBERG","og_description":"Nasz projekt - Rampy prze\u0142adunkowe - Rampa mobilna - Rampa za\u0142adunkowa tir.","og_url":"https:\/\/ferberg.com\/pl\/galeria\/","og_site_name":"FERBERG","article_modified_time":"2025-08-28T13:19:52+00:00","twitter_card":"summary_large_image","schema":{"@context":"https:\/\/schema.org","@graph":[{"@type":"WebPage","@id":"https:\/\/ferberg.com\/pl\/galeria\/","url":"https:\/\/ferberg.com\/pl\/galeria\/","name":"Galeria - Rampy za\u0142adunkowe FERBERG","isPartOf":{"@id":"https:\/\/nl.ferberg.com\/pl\/#website"},"datePublished":"2023-05-31T06:23:34+00:00","dateModified":"2025-08-28T13:19:52+00:00","description":"Nasz projekt - Rampy prze\u0142adunkowe - Rampa mobilna - Rampa za\u0142adunkowa tir.","breadcrumb":{"@id":"https:\/\/ferberg.com\/pl\/galeria\/#breadcrumb"},"inLanguage":"pl-PL","potentialAction":[{"@type":"ReadAction","target":["https:\/\/ferberg.com\/pl\/galeria\/"]}]},{"@type":"BreadcrumbList","@id":"https:\/\/ferberg.com\/pl\/galeria\/#breadcrumb","itemListElement":[{"@type":"ListItem","position":1,"name":"Home","item":"https:\/\/ferberg.com\/pl\/"},{"@type":"ListItem","position":2,"name":"Galeria"}]},{"@type":"WebSite","@id":"https:\/\/nl.ferberg.com\/pl\/#website","url":"https:\/\/nl.ferberg.com\/pl\/","name":"FERBERG","description":"WAREHOUSE EQUIPMENT MANUFACTURER #1","publisher":{"@id":"https:\/\/nl.ferberg.com\/pl\/#organization"},"alternateName":"FERBERG","potentialAction":[{"@type":"SearchAction","target":{"@type":"EntryPoint","urlTemplate":"https:\/\/nl.ferberg.com\/pl\/?s={search_term_string}"},"query-input":{"@type":"PropertyValueSpecification","valueRequired":true,"valueName":"search_term_string"}}],"inLanguage":"pl-PL"},{"@type":"Organization","@id":"https:\/\/nl.ferberg.com\/pl\/#organization","name":"FERBERG","url":"https:\/\/nl.ferberg.com\/pl\/","logo":{"@type":"ImageObject","inLanguage":"pl-PL","@id":"https:\/\/nl.ferberg.com\/pl\/#\/schema\/logo\/image\/","url":"https:\/\/ferberg.com\/wp-content\/uploads\/2023\/05\/favicon.ico","contentUrl":"https:\/\/ferberg.com\/wp-content\/uploads\/2023\/05\/favicon.ico","width":48,"height":48,"caption":"FERBERG"},"image":{"@id":"https:\/\/nl.ferberg.com\/pl\/#\/schema\/logo\/image\/"}}]}},"_links":{"self":[{"href":"https:\/\/ferberg.com\/pl\/wp-json\/wp\/v2\/pages\/6759","targetHints":{"allow":["GET"]}}],"collection":[{"href":"https:\/\/ferberg.com\/pl\/wp-json\/wp\/v2\/pages"}],"about":[{"href":"https:\/\/ferberg.com\/pl\/wp-json\/wp\/v2\/types\/page"}],"author":[{"embeddable":true,"href":"https:\/\/ferberg.com\/pl\/wp-json\/wp\/v2\/users\/1"}],"replies":[{"embeddable":true,"href":"https:\/\/ferberg.com\/pl\/wp-json\/wp\/v2\/comments?post=6759"}],"version-history":[{"count":1,"href":"https:\/\/ferberg.com\/pl\/wp-json\/wp\/v2\/pages\/6759\/revisions"}],"predecessor-version":[{"id":6815,"href":"https:\/\/ferberg.com\/pl\/wp-json\/wp\/v2\/pages\/6759\/revisions\/6815"}],"wp:attachment":[{"href":"https:\/\/ferberg.com\/pl\/wp-json\/wp\/v2\/media?parent=6759"}],"curies":[{"name":"wp","href":"https:\/\/api.w.org\/{rel}","templated":true}]}}