{"id":2049,"date":"2021-11-04T08:43:36","date_gmt":"2021-11-04T06:43:36","guid":{"rendered":"https:\/\/ferberg.com\/kontakty\/"},"modified":"2026-02-19T19:02:16","modified_gmt":"2026-02-19T17:02:16","slug":"contacte","status":"publish","type":"page","link":"https:\/\/ferberg.com\/ro\/contacte\/","title":{"rendered":"Contacte"},"content":{"rendered":"","protected":false},"excerpt":{"rendered":"","protected":false},"author":1,"featured_media":0,"parent":0,"menu_order":76,"comment_status":"closed","ping_status":"closed","template":"page-contact.php","meta":{"inline_featured_image":false,"ngg_post_thumbnail":0,"footnotes":""},"class_list":["post-2049","page","type-page","status-publish","hentry"],"acf":[],"yoast_head":"<!-- This site is optimized with the Yoast SEO plugin v26.5 - https:\/\/yoast.com\/wordpress\/plugins\/seo\/ -->\n<title>Contacte, adresa, telefon - rampe de incarcare FERBERG in Romania<\/title>\n<meta name=\"description\" content=\"Suntem mereu \u00een contact. Exper\u021bii no\u0219tri vor fi bucuro\u0219i s\u0103 v\u0103 r\u0103spund\u0103 la toate \u00eentreb\u0103rile Dvs.\" \/>\n<meta name=\"robots\" content=\"index, follow, max-snippet:-1, max-image-preview:large, max-video-preview:-1\" \/>\n<link rel=\"canonical\" href=\"https:\/\/ferberg.com\/ro\/contacte\/\" \/>\n<meta property=\"og:locale\" content=\"ro_RO\" \/>\n<meta property=\"og:type\" content=\"article\" \/>\n<meta property=\"og:title\" content=\"Contacte, adresa, telefon - rampe de incarcare FERBERG in Romania\" \/>\n<meta property=\"og:description\" content=\"Suntem mereu \u00een contact. Exper\u021bii no\u0219tri vor fi bucuro\u0219i s\u0103 v\u0103 r\u0103spund\u0103 la toate \u00eentreb\u0103rile Dvs.\" \/>\n<meta property=\"og:url\" content=\"https:\/\/ferberg.com\/ro\/contacte\/\" \/>\n<meta property=\"og:site_name\" content=\"FERBERG\" \/>\n<meta property=\"article:modified_time\" content=\"2026-02-19T17:02:16+00:00\" \/>\n<meta name=\"twitter:card\" content=\"summary_large_image\" \/>\n<script type=\"application\/ld+json\" class=\"yoast-schema-graph\">{\"@context\":\"https:\/\/schema.org\",\"@graph\":[{\"@type\":\"WebPage\",\"@id\":\"https:\/\/ferberg.com\/ro\/contacte\/\",\"url\":\"https:\/\/ferberg.com\/ro\/contacte\/\",\"name\":\"Contacte, adresa, telefon - rampe de incarcare FERBERG in Romania\",\"isPartOf\":{\"@id\":\"https:\/\/nl.ferberg.com\/ro\/#website\"},\"datePublished\":\"2021-11-04T06:43:36+00:00\",\"dateModified\":\"2026-02-19T17:02:16+00:00\",\"description\":\"Suntem mereu \u00een contact. Exper\u021bii no\u0219tri vor fi bucuro\u0219i s\u0103 v\u0103 r\u0103spund\u0103 la toate \u00eentreb\u0103rile Dvs.\",\"breadcrumb\":{\"@id\":\"https:\/\/ferberg.com\/ro\/contacte\/#breadcrumb\"},\"inLanguage\":\"ro-RO\",\"potentialAction\":[{\"@type\":\"ReadAction\",\"target\":[\"https:\/\/ferberg.com\/ro\/contacte\/\"]}]},{\"@type\":\"BreadcrumbList\",\"@id\":\"https:\/\/ferberg.com\/ro\/contacte\/#breadcrumb\",\"itemListElement\":[{\"@type\":\"ListItem\",\"position\":1,\"name\":\"Home\",\"item\":\"https:\/\/ferberg.com\/ro\/\"},{\"@type\":\"ListItem\",\"position\":2,\"name\":\"Contacte\"}]},{\"@type\":\"WebSite\",\"@id\":\"https:\/\/nl.ferberg.com\/ro\/#website\",\"url\":\"https:\/\/nl.ferberg.com\/ro\/\",\"name\":\"FERBERG\",\"description\":\"WAREHOUSE EQUIPMENT MANUFACTURER #1\",\"publisher\":{\"@id\":\"https:\/\/nl.ferberg.com\/ro\/#organization\"},\"alternateName\":\"FERBERG\",\"potentialAction\":[{\"@type\":\"SearchAction\",\"target\":{\"@type\":\"EntryPoint\",\"urlTemplate\":\"https:\/\/nl.ferberg.com\/ro\/?s={search_term_string}\"},\"query-input\":{\"@type\":\"PropertyValueSpecification\",\"valueRequired\":true,\"valueName\":\"search_term_string\"}}],\"inLanguage\":\"ro-RO\"},{\"@type\":\"Organization\",\"@id\":\"https:\/\/nl.ferberg.com\/ro\/#organization\",\"name\":\"FERBERG\",\"url\":\"https:\/\/nl.ferberg.com\/ro\/\",\"logo\":{\"@type\":\"ImageObject\",\"inLanguage\":\"ro-RO\",\"@id\":\"https:\/\/nl.ferberg.com\/ro\/#\/schema\/logo\/image\/\",\"url\":\"https:\/\/ferberg.com\/wp-content\/uploads\/2023\/05\/favicon.ico\",\"contentUrl\":\"https:\/\/ferberg.com\/wp-content\/uploads\/2023\/05\/favicon.ico\",\"width\":48,\"height\":48,\"caption\":\"FERBERG\"},\"image\":{\"@id\":\"https:\/\/nl.ferberg.com\/ro\/#\/schema\/logo\/image\/\"}}]}<\/script>\n<!-- \/ Yoast SEO plugin. -->","yoast_head_json":{"title":"Contacte, adresa, telefon - rampe de incarcare FERBERG in Romania","description":"Suntem mereu \u00een contact. Exper\u021bii no\u0219tri vor fi bucuro\u0219i s\u0103 v\u0103 r\u0103spund\u0103 la toate \u00eentreb\u0103rile Dvs.","robots":{"index":"index","follow":"follow","max-snippet":"max-snippet:-1","max-image-preview":"max-image-preview:large","max-video-preview":"max-video-preview:-1"},"canonical":"https:\/\/ferberg.com\/ro\/contacte\/","og_locale":"ro_RO","og_type":"article","og_title":"Contacte, adresa, telefon - rampe de incarcare FERBERG in Romania","og_description":"Suntem mereu \u00een contact. Exper\u021bii no\u0219tri vor fi bucuro\u0219i s\u0103 v\u0103 r\u0103spund\u0103 la toate \u00eentreb\u0103rile Dvs.","og_url":"https:\/\/ferberg.com\/ro\/contacte\/","og_site_name":"FERBERG","article_modified_time":"2026-02-19T17:02:16+00:00","twitter_card":"summary_large_image","schema":{"@context":"https:\/\/schema.org","@graph":[{"@type":"WebPage","@id":"https:\/\/ferberg.com\/ro\/contacte\/","url":"https:\/\/ferberg.com\/ro\/contacte\/","name":"Contacte, adresa, telefon - rampe de incarcare FERBERG in Romania","isPartOf":{"@id":"https:\/\/nl.ferberg.com\/ro\/#website"},"datePublished":"2021-11-04T06:43:36+00:00","dateModified":"2026-02-19T17:02:16+00:00","description":"Suntem mereu \u00een contact. Exper\u021bii no\u0219tri vor fi bucuro\u0219i s\u0103 v\u0103 r\u0103spund\u0103 la toate \u00eentreb\u0103rile Dvs.","breadcrumb":{"@id":"https:\/\/ferberg.com\/ro\/contacte\/#breadcrumb"},"inLanguage":"ro-RO","potentialAction":[{"@type":"ReadAction","target":["https:\/\/ferberg.com\/ro\/contacte\/"]}]},{"@type":"BreadcrumbList","@id":"https:\/\/ferberg.com\/ro\/contacte\/#breadcrumb","itemListElement":[{"@type":"ListItem","position":1,"name":"Home","item":"https:\/\/ferberg.com\/ro\/"},{"@type":"ListItem","position":2,"name":"Contacte"}]},{"@type":"WebSite","@id":"https:\/\/nl.ferberg.com\/ro\/#website","url":"https:\/\/nl.ferberg.com\/ro\/","name":"FERBERG","description":"WAREHOUSE EQUIPMENT MANUFACTURER #1","publisher":{"@id":"https:\/\/nl.ferberg.com\/ro\/#organization"},"alternateName":"FERBERG","potentialAction":[{"@type":"SearchAction","target":{"@type":"EntryPoint","urlTemplate":"https:\/\/nl.ferberg.com\/ro\/?s={search_term_string}"},"query-input":{"@type":"PropertyValueSpecification","valueRequired":true,"valueName":"search_term_string"}}],"inLanguage":"ro-RO"},{"@type":"Organization","@id":"https:\/\/nl.ferberg.com\/ro\/#organization","name":"FERBERG","url":"https:\/\/nl.ferberg.com\/ro\/","logo":{"@type":"ImageObject","inLanguage":"ro-RO","@id":"https:\/\/nl.ferberg.com\/ro\/#\/schema\/logo\/image\/","url":"https:\/\/ferberg.com\/wp-content\/uploads\/2023\/05\/favicon.ico","contentUrl":"https:\/\/ferberg.com\/wp-content\/uploads\/2023\/05\/favicon.ico","width":48,"height":48,"caption":"FERBERG"},"image":{"@id":"https:\/\/nl.ferberg.com\/ro\/#\/schema\/logo\/image\/"}}]}},"_links":{"self":[{"href":"https:\/\/ferberg.com\/ro\/wp-json\/wp\/v2\/pages\/2049","targetHints":{"allow":["GET"]}}],"collection":[{"href":"https:\/\/ferberg.com\/ro\/wp-json\/wp\/v2\/pages"}],"about":[{"href":"https:\/\/ferberg.com\/ro\/wp-json\/wp\/v2\/types\/page"}],"author":[{"embeddable":true,"href":"https:\/\/ferberg.com\/ro\/wp-json\/wp\/v2\/users\/1"}],"replies":[{"embeddable":true,"href":"https:\/\/ferberg.com\/ro\/wp-json\/wp\/v2\/comments?post=2049"}],"version-history":[{"count":7,"href":"https:\/\/ferberg.com\/ro\/wp-json\/wp\/v2\/pages\/2049\/revisions"}],"predecessor-version":[{"id":35571,"href":"https:\/\/ferberg.com\/ro\/wp-json\/wp\/v2\/pages\/2049\/revisions\/35571"}],"wp:attachment":[{"href":"https:\/\/ferberg.com\/ro\/wp-json\/wp\/v2\/media?parent=2049"}],"curies":[{"name":"wp","href":"https:\/\/api.w.org\/{rel}","templated":true}]}}