{"id":329,"date":"2021-11-10T14:52:55","date_gmt":"2021-11-10T12:52:55","guid":{"rendered":"https:\/\/ferberg.com\/?page_id=329"},"modified":"2025-11-26T09:03:25","modified_gmt":"2025-11-26T07:03:25","slug":"rumunskij","status":"publish","type":"page","link":"https:\/\/ferberg.com\/ro\/","title":{"rendered":"Acas\u0103"},"content":{"rendered":"","protected":false},"excerpt":{"rendered":"","protected":false},"author":1,"featured_media":0,"parent":0,"menu_order":78,"comment_status":"closed","ping_status":"closed","template":"","meta":{"inline_featured_image":false,"ngg_post_thumbnail":0,"footnotes":""},"class_list":["post-329","page","type-page","status-publish","hentry"],"acf":[],"yoast_head":"<!-- This site is optimized with the Yoast SEO plugin v26.5 - https:\/\/yoast.com\/wordpress\/plugins\/seo\/ -->\n<title>Ramp\u0103 de \u00eenc\u0103rcare, ramp\u0103 mobil\u0103 de la produc\u0103torul din Rom\u00e2nia - FERBERG<\/title>\n<meta name=\"description\" content=\"Rampe mobile de \u00eenc\u0103rcare. Produc\u021bia de rampe de desc\u0103rcare de orice complexitate pentru camioane \u0219i containere. Selec\u021bie larg\u0103. Pre\u021buri avantajoase.\" \/>\n<meta name=\"robots\" content=\"index, follow, max-snippet:-1, max-image-preview:large, max-video-preview:-1\" \/>\n<link rel=\"canonical\" href=\"https:\/\/ferberg.com\/ro\/\" \/>\n<meta property=\"og:locale\" content=\"ro_RO\" \/>\n<meta property=\"og:type\" content=\"article\" \/>\n<meta property=\"og:title\" content=\"Ramp\u0103 de \u00eenc\u0103rcare, ramp\u0103 mobil\u0103 de la produc\u0103torul din Rom\u00e2nia - FERBERG\" \/>\n<meta property=\"og:description\" content=\"Rampe mobile de \u00eenc\u0103rcare. Produc\u021bia de rampe de desc\u0103rcare de orice complexitate pentru camioane \u0219i containere. Selec\u021bie larg\u0103. Pre\u021buri avantajoase.\" \/>\n<meta property=\"og:url\" content=\"https:\/\/ferberg.com\/ro\/\" \/>\n<meta property=\"og:site_name\" content=\"FERBERG\" \/>\n<meta property=\"article:modified_time\" content=\"2025-11-26T07:03:25+00:00\" \/>\n<meta name=\"twitter:card\" content=\"summary_large_image\" \/>\n<script type=\"application\/ld+json\" class=\"yoast-schema-graph\">{\"@context\":\"https:\/\/schema.org\",\"@graph\":[{\"@type\":\"WebPage\",\"@id\":\"https:\/\/ferberg.com\/ro\/\",\"url\":\"https:\/\/ferberg.com\/ro\/\",\"name\":\"Ramp\u0103 de \u00eenc\u0103rcare, ramp\u0103 mobil\u0103 de la produc\u0103torul din Rom\u00e2nia - FERBERG\",\"isPartOf\":{\"@id\":\"https:\/\/nl.ferberg.com\/ro\/#website\"},\"datePublished\":\"2021-11-10T12:52:55+00:00\",\"dateModified\":\"2025-11-26T07:03:25+00:00\",\"description\":\"Rampe mobile de \u00eenc\u0103rcare. Produc\u021bia de rampe de desc\u0103rcare de orice complexitate pentru camioane \u0219i containere. Selec\u021bie larg\u0103. Pre\u021buri avantajoase.\",\"breadcrumb\":{\"@id\":\"https:\/\/ferberg.com\/ro\/#breadcrumb\"},\"inLanguage\":\"ro-RO\",\"potentialAction\":[{\"@type\":\"ReadAction\",\"target\":[\"https:\/\/ferberg.com\/ro\/\"]}]},{\"@type\":\"BreadcrumbList\",\"@id\":\"https:\/\/ferberg.com\/ro\/#breadcrumb\",\"itemListElement\":[{\"@type\":\"ListItem\",\"position\":1,\"name\":\"Home\",\"item\":\"https:\/\/ferberg.com\/ro\/\"},{\"@type\":\"ListItem\",\"position\":2,\"name\":\"Acas\u0103\"}]},{\"@type\":\"WebSite\",\"@id\":\"https:\/\/nl.ferberg.com\/ro\/#website\",\"url\":\"https:\/\/nl.ferberg.com\/ro\/\",\"name\":\"FERBERG\",\"description\":\"WAREHOUSE EQUIPMENT MANUFACTURER #1\",\"publisher\":{\"@id\":\"https:\/\/nl.ferberg.com\/ro\/#organization\"},\"alternateName\":\"FERBERG\",\"potentialAction\":[{\"@type\":\"SearchAction\",\"target\":{\"@type\":\"EntryPoint\",\"urlTemplate\":\"https:\/\/nl.ferberg.com\/ro\/?s={search_term_string}\"},\"query-input\":{\"@type\":\"PropertyValueSpecification\",\"valueRequired\":true,\"valueName\":\"search_term_string\"}}],\"inLanguage\":\"ro-RO\"},{\"@type\":\"Organization\",\"@id\":\"https:\/\/nl.ferberg.com\/ro\/#organization\",\"name\":\"FERBERG\",\"url\":\"https:\/\/nl.ferberg.com\/ro\/\",\"logo\":{\"@type\":\"ImageObject\",\"inLanguage\":\"ro-RO\",\"@id\":\"https:\/\/nl.ferberg.com\/ro\/#\/schema\/logo\/image\/\",\"url\":\"https:\/\/ferberg.com\/wp-content\/uploads\/2023\/05\/favicon.ico\",\"contentUrl\":\"https:\/\/ferberg.com\/wp-content\/uploads\/2023\/05\/favicon.ico\",\"width\":48,\"height\":48,\"caption\":\"FERBERG\"},\"image\":{\"@id\":\"https:\/\/nl.ferberg.com\/ro\/#\/schema\/logo\/image\/\"}}]}<\/script>\n<!-- \/ Yoast SEO plugin. -->","yoast_head_json":{"title":"Ramp\u0103 de \u00eenc\u0103rcare, ramp\u0103 mobil\u0103 de la produc\u0103torul din Rom\u00e2nia - FERBERG","description":"Rampe mobile de \u00eenc\u0103rcare. Produc\u021bia de rampe de desc\u0103rcare de orice complexitate pentru camioane \u0219i containere. Selec\u021bie larg\u0103. Pre\u021buri avantajoase.","robots":{"index":"index","follow":"follow","max-snippet":"max-snippet:-1","max-image-preview":"max-image-preview:large","max-video-preview":"max-video-preview:-1"},"canonical":"https:\/\/ferberg.com\/ro\/","og_locale":"ro_RO","og_type":"article","og_title":"Ramp\u0103 de \u00eenc\u0103rcare, ramp\u0103 mobil\u0103 de la produc\u0103torul din Rom\u00e2nia - FERBERG","og_description":"Rampe mobile de \u00eenc\u0103rcare. Produc\u021bia de rampe de desc\u0103rcare de orice complexitate pentru camioane \u0219i containere. Selec\u021bie larg\u0103. Pre\u021buri avantajoase.","og_url":"https:\/\/ferberg.com\/ro\/","og_site_name":"FERBERG","article_modified_time":"2025-11-26T07:03:25+00:00","twitter_card":"summary_large_image","schema":{"@context":"https:\/\/schema.org","@graph":[{"@type":"WebPage","@id":"https:\/\/ferberg.com\/ro\/","url":"https:\/\/ferberg.com\/ro\/","name":"Ramp\u0103 de \u00eenc\u0103rcare, ramp\u0103 mobil\u0103 de la produc\u0103torul din Rom\u00e2nia - FERBERG","isPartOf":{"@id":"https:\/\/nl.ferberg.com\/ro\/#website"},"datePublished":"2021-11-10T12:52:55+00:00","dateModified":"2025-11-26T07:03:25+00:00","description":"Rampe mobile de \u00eenc\u0103rcare. Produc\u021bia de rampe de desc\u0103rcare de orice complexitate pentru camioane \u0219i containere. Selec\u021bie larg\u0103. Pre\u021buri avantajoase.","breadcrumb":{"@id":"https:\/\/ferberg.com\/ro\/#breadcrumb"},"inLanguage":"ro-RO","potentialAction":[{"@type":"ReadAction","target":["https:\/\/ferberg.com\/ro\/"]}]},{"@type":"BreadcrumbList","@id":"https:\/\/ferberg.com\/ro\/#breadcrumb","itemListElement":[{"@type":"ListItem","position":1,"name":"Home","item":"https:\/\/ferberg.com\/ro\/"},{"@type":"ListItem","position":2,"name":"Acas\u0103"}]},{"@type":"WebSite","@id":"https:\/\/nl.ferberg.com\/ro\/#website","url":"https:\/\/nl.ferberg.com\/ro\/","name":"FERBERG","description":"WAREHOUSE EQUIPMENT MANUFACTURER #1","publisher":{"@id":"https:\/\/nl.ferberg.com\/ro\/#organization"},"alternateName":"FERBERG","potentialAction":[{"@type":"SearchAction","target":{"@type":"EntryPoint","urlTemplate":"https:\/\/nl.ferberg.com\/ro\/?s={search_term_string}"},"query-input":{"@type":"PropertyValueSpecification","valueRequired":true,"valueName":"search_term_string"}}],"inLanguage":"ro-RO"},{"@type":"Organization","@id":"https:\/\/nl.ferberg.com\/ro\/#organization","name":"FERBERG","url":"https:\/\/nl.ferberg.com\/ro\/","logo":{"@type":"ImageObject","inLanguage":"ro-RO","@id":"https:\/\/nl.ferberg.com\/ro\/#\/schema\/logo\/image\/","url":"https:\/\/ferberg.com\/wp-content\/uploads\/2023\/05\/favicon.ico","contentUrl":"https:\/\/ferberg.com\/wp-content\/uploads\/2023\/05\/favicon.ico","width":48,"height":48,"caption":"FERBERG"},"image":{"@id":"https:\/\/nl.ferberg.com\/ro\/#\/schema\/logo\/image\/"}}]}},"_links":{"self":[{"href":"https:\/\/ferberg.com\/ro\/wp-json\/wp\/v2\/pages\/329","targetHints":{"allow":["GET"]}}],"collection":[{"href":"https:\/\/ferberg.com\/ro\/wp-json\/wp\/v2\/pages"}],"about":[{"href":"https:\/\/ferberg.com\/ro\/wp-json\/wp\/v2\/types\/page"}],"author":[{"embeddable":true,"href":"https:\/\/ferberg.com\/ro\/wp-json\/wp\/v2\/users\/1"}],"replies":[{"embeddable":true,"href":"https:\/\/ferberg.com\/ro\/wp-json\/wp\/v2\/comments?post=329"}],"version-history":[{"count":14,"href":"https:\/\/ferberg.com\/ro\/wp-json\/wp\/v2\/pages\/329\/revisions"}],"predecessor-version":[{"id":35033,"href":"https:\/\/ferberg.com\/ro\/wp-json\/wp\/v2\/pages\/329\/revisions\/35033"}],"wp:attachment":[{"href":"https:\/\/ferberg.com\/ro\/wp-json\/wp\/v2\/media?parent=329"}],"curies":[{"name":"wp","href":"https:\/\/api.w.org\/{rel}","templated":true}]}}