{"id":2064,"date":"2021-11-04T08:43:36","date_gmt":"2021-11-04T06:43:36","guid":{"rendered":"https:\/\/ferberg.com\/kontakty\/"},"modified":"2026-02-19T19:03:45","modified_gmt":"2026-02-19T17:03:45","slug":"kontakty","status":"publish","type":"page","link":"https:\/\/ferberg.com\/sk\/kontakty\/","title":{"rendered":"Kontakty"},"content":{"rendered":"","protected":false},"excerpt":{"rendered":"","protected":false},"author":1,"featured_media":0,"parent":0,"menu_order":76,"comment_status":"closed","ping_status":"closed","template":"page-contact.php","meta":{"inline_featured_image":false,"ngg_post_thumbnail":0,"footnotes":""},"class_list":["post-2064","page","type-page","status-publish","hentry"],"acf":[],"yoast_head":"<!-- This site is optimized with the Yoast SEO plugin v26.5 - https:\/\/yoast.com\/wordpress\/plugins\/seo\/ -->\n<title>Kontakty, adresa, telef\u00f3ny - nakladacie rampy FERBERG na Slovensku<\/title>\n<meta name=\"description\" content=\"Sme st\u00e1le v kontakte. Na\u0161i odborn\u00edci V\u00e1m radi odpovedia na v\u0161etky Va\u0161e ot\u00e1zky.\" \/>\n<meta name=\"robots\" content=\"index, follow, max-snippet:-1, max-image-preview:large, max-video-preview:-1\" \/>\n<link rel=\"canonical\" href=\"https:\/\/ferberg.com\/sk\/kontakty\/\" \/>\n<meta property=\"og:locale\" content=\"sk_SK\" \/>\n<meta property=\"og:type\" content=\"article\" \/>\n<meta property=\"og:title\" content=\"Kontakty, adresa, telef\u00f3ny - nakladacie rampy FERBERG na Slovensku\" \/>\n<meta property=\"og:description\" content=\"Sme st\u00e1le v kontakte. Na\u0161i odborn\u00edci V\u00e1m radi odpovedia na v\u0161etky Va\u0161e ot\u00e1zky.\" \/>\n<meta property=\"og:url\" content=\"https:\/\/ferberg.com\/sk\/kontakty\/\" \/>\n<meta property=\"og:site_name\" content=\"FERBERG\" \/>\n<meta property=\"article:modified_time\" content=\"2026-02-19T17:03:45+00:00\" \/>\n<meta name=\"twitter:card\" content=\"summary_large_image\" \/>\n<script type=\"application\/ld+json\" class=\"yoast-schema-graph\">{\"@context\":\"https:\/\/schema.org\",\"@graph\":[{\"@type\":\"WebPage\",\"@id\":\"https:\/\/ferberg.com\/sk\/kontakty\/\",\"url\":\"https:\/\/ferberg.com\/sk\/kontakty\/\",\"name\":\"Kontakty, adresa, telef\u00f3ny - nakladacie rampy FERBERG na Slovensku\",\"isPartOf\":{\"@id\":\"https:\/\/nl.ferberg.com\/sk\/#website\"},\"datePublished\":\"2021-11-04T06:43:36+00:00\",\"dateModified\":\"2026-02-19T17:03:45+00:00\",\"description\":\"Sme st\u00e1le v kontakte. Na\u0161i odborn\u00edci V\u00e1m radi odpovedia na v\u0161etky Va\u0161e ot\u00e1zky.\",\"breadcrumb\":{\"@id\":\"https:\/\/ferberg.com\/sk\/kontakty\/#breadcrumb\"},\"inLanguage\":\"sk-SK\",\"potentialAction\":[{\"@type\":\"ReadAction\",\"target\":[\"https:\/\/ferberg.com\/sk\/kontakty\/\"]}]},{\"@type\":\"BreadcrumbList\",\"@id\":\"https:\/\/ferberg.com\/sk\/kontakty\/#breadcrumb\",\"itemListElement\":[{\"@type\":\"ListItem\",\"position\":1,\"name\":\"Home\",\"item\":\"https:\/\/ferberg.com\/sk\/\"},{\"@type\":\"ListItem\",\"position\":2,\"name\":\"Kontakty\"}]},{\"@type\":\"WebSite\",\"@id\":\"https:\/\/nl.ferberg.com\/sk\/#website\",\"url\":\"https:\/\/nl.ferberg.com\/sk\/\",\"name\":\"FERBERG\",\"description\":\"WAREHOUSE EQUIPMENT MANUFACTURER #1\",\"publisher\":{\"@id\":\"https:\/\/nl.ferberg.com\/sk\/#organization\"},\"alternateName\":\"FERBERG\",\"potentialAction\":[{\"@type\":\"SearchAction\",\"target\":{\"@type\":\"EntryPoint\",\"urlTemplate\":\"https:\/\/nl.ferberg.com\/sk\/?s={search_term_string}\"},\"query-input\":{\"@type\":\"PropertyValueSpecification\",\"valueRequired\":true,\"valueName\":\"search_term_string\"}}],\"inLanguage\":\"sk-SK\"},{\"@type\":\"Organization\",\"@id\":\"https:\/\/nl.ferberg.com\/sk\/#organization\",\"name\":\"FERBERG\",\"url\":\"https:\/\/nl.ferberg.com\/sk\/\",\"logo\":{\"@type\":\"ImageObject\",\"inLanguage\":\"sk-SK\",\"@id\":\"https:\/\/nl.ferberg.com\/sk\/#\/schema\/logo\/image\/\",\"url\":\"https:\/\/ferberg.com\/wp-content\/uploads\/2023\/05\/favicon.ico\",\"contentUrl\":\"https:\/\/ferberg.com\/wp-content\/uploads\/2023\/05\/favicon.ico\",\"width\":48,\"height\":48,\"caption\":\"FERBERG\"},\"image\":{\"@id\":\"https:\/\/nl.ferberg.com\/sk\/#\/schema\/logo\/image\/\"}}]}<\/script>\n<!-- \/ Yoast SEO plugin. -->","yoast_head_json":{"title":"Kontakty, adresa, telef\u00f3ny - nakladacie rampy FERBERG na Slovensku","description":"Sme st\u00e1le v kontakte. Na\u0161i odborn\u00edci V\u00e1m radi odpovedia na v\u0161etky Va\u0161e ot\u00e1zky.","robots":{"index":"index","follow":"follow","max-snippet":"max-snippet:-1","max-image-preview":"max-image-preview:large","max-video-preview":"max-video-preview:-1"},"canonical":"https:\/\/ferberg.com\/sk\/kontakty\/","og_locale":"sk_SK","og_type":"article","og_title":"Kontakty, adresa, telef\u00f3ny - nakladacie rampy FERBERG na Slovensku","og_description":"Sme st\u00e1le v kontakte. Na\u0161i odborn\u00edci V\u00e1m radi odpovedia na v\u0161etky Va\u0161e ot\u00e1zky.","og_url":"https:\/\/ferberg.com\/sk\/kontakty\/","og_site_name":"FERBERG","article_modified_time":"2026-02-19T17:03:45+00:00","twitter_card":"summary_large_image","schema":{"@context":"https:\/\/schema.org","@graph":[{"@type":"WebPage","@id":"https:\/\/ferberg.com\/sk\/kontakty\/","url":"https:\/\/ferberg.com\/sk\/kontakty\/","name":"Kontakty, adresa, telef\u00f3ny - nakladacie rampy FERBERG na Slovensku","isPartOf":{"@id":"https:\/\/nl.ferberg.com\/sk\/#website"},"datePublished":"2021-11-04T06:43:36+00:00","dateModified":"2026-02-19T17:03:45+00:00","description":"Sme st\u00e1le v kontakte. Na\u0161i odborn\u00edci V\u00e1m radi odpovedia na v\u0161etky Va\u0161e ot\u00e1zky.","breadcrumb":{"@id":"https:\/\/ferberg.com\/sk\/kontakty\/#breadcrumb"},"inLanguage":"sk-SK","potentialAction":[{"@type":"ReadAction","target":["https:\/\/ferberg.com\/sk\/kontakty\/"]}]},{"@type":"BreadcrumbList","@id":"https:\/\/ferberg.com\/sk\/kontakty\/#breadcrumb","itemListElement":[{"@type":"ListItem","position":1,"name":"Home","item":"https:\/\/ferberg.com\/sk\/"},{"@type":"ListItem","position":2,"name":"Kontakty"}]},{"@type":"WebSite","@id":"https:\/\/nl.ferberg.com\/sk\/#website","url":"https:\/\/nl.ferberg.com\/sk\/","name":"FERBERG","description":"WAREHOUSE EQUIPMENT MANUFACTURER #1","publisher":{"@id":"https:\/\/nl.ferberg.com\/sk\/#organization"},"alternateName":"FERBERG","potentialAction":[{"@type":"SearchAction","target":{"@type":"EntryPoint","urlTemplate":"https:\/\/nl.ferberg.com\/sk\/?s={search_term_string}"},"query-input":{"@type":"PropertyValueSpecification","valueRequired":true,"valueName":"search_term_string"}}],"inLanguage":"sk-SK"},{"@type":"Organization","@id":"https:\/\/nl.ferberg.com\/sk\/#organization","name":"FERBERG","url":"https:\/\/nl.ferberg.com\/sk\/","logo":{"@type":"ImageObject","inLanguage":"sk-SK","@id":"https:\/\/nl.ferberg.com\/sk\/#\/schema\/logo\/image\/","url":"https:\/\/ferberg.com\/wp-content\/uploads\/2023\/05\/favicon.ico","contentUrl":"https:\/\/ferberg.com\/wp-content\/uploads\/2023\/05\/favicon.ico","width":48,"height":48,"caption":"FERBERG"},"image":{"@id":"https:\/\/nl.ferberg.com\/sk\/#\/schema\/logo\/image\/"}}]}},"_links":{"self":[{"href":"https:\/\/ferberg.com\/sk\/wp-json\/wp\/v2\/pages\/2064","targetHints":{"allow":["GET"]}}],"collection":[{"href":"https:\/\/ferberg.com\/sk\/wp-json\/wp\/v2\/pages"}],"about":[{"href":"https:\/\/ferberg.com\/sk\/wp-json\/wp\/v2\/types\/page"}],"author":[{"embeddable":true,"href":"https:\/\/ferberg.com\/sk\/wp-json\/wp\/v2\/users\/1"}],"replies":[{"embeddable":true,"href":"https:\/\/ferberg.com\/sk\/wp-json\/wp\/v2\/comments?post=2064"}],"version-history":[{"count":9,"href":"https:\/\/ferberg.com\/sk\/wp-json\/wp\/v2\/pages\/2064\/revisions"}],"predecessor-version":[{"id":35574,"href":"https:\/\/ferberg.com\/sk\/wp-json\/wp\/v2\/pages\/2064\/revisions\/35574"}],"wp:attachment":[{"href":"https:\/\/ferberg.com\/sk\/wp-json\/wp\/v2\/media?parent=2064"}],"curies":[{"name":"wp","href":"https:\/\/api.w.org\/{rel}","templated":true}]}}