{"id":2112,"date":"2021-11-04T08:43:36","date_gmt":"2021-11-04T06:43:36","guid":{"rendered":"https:\/\/ferberg.com\/kontakty\/"},"modified":"2026-02-19T19:04:13","modified_gmt":"2026-02-19T17:04:13","slug":"kontakti","status":"publish","type":"page","link":"https:\/\/ferberg.com\/sl\/kontakti\/","title":{"rendered":"Kontakti"},"content":{"rendered":"","protected":false},"excerpt":{"rendered":"","protected":false},"author":1,"featured_media":0,"parent":0,"menu_order":76,"comment_status":"closed","ping_status":"closed","template":"page-contact.php","meta":{"inline_featured_image":false,"ngg_post_thumbnail":0,"footnotes":""},"class_list":["post-2112","page","type-page","status-publish","hentry"],"acf":[],"yoast_head":"<!-- This site is optimized with the Yoast SEO plugin v26.5 - https:\/\/yoast.com\/wordpress\/plugins\/seo\/ -->\n<title>Kontakti, naslov, telefoni - nakladalne rampe FERBERG v Sloveniji<\/title>\n<meta name=\"description\" content=\"Smo vedno dosegljivi. Na\u0161i strokovnjaki z veseljem bodo odgovorili na Va\u0161a vpra\u0161anja.\" \/>\n<meta name=\"robots\" content=\"index, follow, max-snippet:-1, max-image-preview:large, max-video-preview:-1\" \/>\n<link rel=\"canonical\" href=\"https:\/\/ferberg.com\/sl\/kontakti\/\" \/>\n<meta property=\"og:locale\" content=\"sl_SI\" \/>\n<meta property=\"og:type\" content=\"article\" \/>\n<meta property=\"og:title\" content=\"Kontakti, naslov, telefoni - nakladalne rampe FERBERG v Sloveniji\" \/>\n<meta property=\"og:description\" content=\"Smo vedno dosegljivi. Na\u0161i strokovnjaki z veseljem bodo odgovorili na Va\u0161a vpra\u0161anja.\" \/>\n<meta property=\"og:url\" content=\"https:\/\/ferberg.com\/sl\/kontakti\/\" \/>\n<meta property=\"og:site_name\" content=\"FERBERG\" \/>\n<meta property=\"article:modified_time\" content=\"2026-02-19T17:04:13+00:00\" \/>\n<meta name=\"twitter:card\" content=\"summary_large_image\" \/>\n<script type=\"application\/ld+json\" class=\"yoast-schema-graph\">{\"@context\":\"https:\/\/schema.org\",\"@graph\":[{\"@type\":\"WebPage\",\"@id\":\"https:\/\/ferberg.com\/sl\/kontakti\/\",\"url\":\"https:\/\/ferberg.com\/sl\/kontakti\/\",\"name\":\"Kontakti, naslov, telefoni - nakladalne rampe FERBERG v Sloveniji\",\"isPartOf\":{\"@id\":\"https:\/\/nl.ferberg.com\/sl\/#website\"},\"datePublished\":\"2021-11-04T06:43:36+00:00\",\"dateModified\":\"2026-02-19T17:04:13+00:00\",\"description\":\"Smo vedno dosegljivi. Na\u0161i strokovnjaki z veseljem bodo odgovorili na Va\u0161a vpra\u0161anja.\",\"breadcrumb\":{\"@id\":\"https:\/\/ferberg.com\/sl\/kontakti\/#breadcrumb\"},\"inLanguage\":\"sl-SI\",\"potentialAction\":[{\"@type\":\"ReadAction\",\"target\":[\"https:\/\/ferberg.com\/sl\/kontakti\/\"]}]},{\"@type\":\"BreadcrumbList\",\"@id\":\"https:\/\/ferberg.com\/sl\/kontakti\/#breadcrumb\",\"itemListElement\":[{\"@type\":\"ListItem\",\"position\":1,\"name\":\"Home\",\"item\":\"https:\/\/ferberg.com\/sl\/\"},{\"@type\":\"ListItem\",\"position\":2,\"name\":\"Kontakti\"}]},{\"@type\":\"WebSite\",\"@id\":\"https:\/\/nl.ferberg.com\/sl\/#website\",\"url\":\"https:\/\/nl.ferberg.com\/sl\/\",\"name\":\"FERBERG\",\"description\":\"WAREHOUSE EQUIPMENT MANUFACTURER #1\",\"publisher\":{\"@id\":\"https:\/\/nl.ferberg.com\/sl\/#organization\"},\"alternateName\":\"FERBERG\",\"potentialAction\":[{\"@type\":\"SearchAction\",\"target\":{\"@type\":\"EntryPoint\",\"urlTemplate\":\"https:\/\/nl.ferberg.com\/sl\/?s={search_term_string}\"},\"query-input\":{\"@type\":\"PropertyValueSpecification\",\"valueRequired\":true,\"valueName\":\"search_term_string\"}}],\"inLanguage\":\"sl-SI\"},{\"@type\":\"Organization\",\"@id\":\"https:\/\/nl.ferberg.com\/sl\/#organization\",\"name\":\"FERBERG\",\"url\":\"https:\/\/nl.ferberg.com\/sl\/\",\"logo\":{\"@type\":\"ImageObject\",\"inLanguage\":\"sl-SI\",\"@id\":\"https:\/\/nl.ferberg.com\/sl\/#\/schema\/logo\/image\/\",\"url\":\"https:\/\/ferberg.com\/wp-content\/uploads\/2023\/05\/favicon.ico\",\"contentUrl\":\"https:\/\/ferberg.com\/wp-content\/uploads\/2023\/05\/favicon.ico\",\"width\":48,\"height\":48,\"caption\":\"FERBERG\"},\"image\":{\"@id\":\"https:\/\/nl.ferberg.com\/sl\/#\/schema\/logo\/image\/\"}}]}<\/script>\n<!-- \/ Yoast SEO plugin. -->","yoast_head_json":{"title":"Kontakti, naslov, telefoni - nakladalne rampe FERBERG v Sloveniji","description":"Smo vedno dosegljivi. Na\u0161i strokovnjaki z veseljem bodo odgovorili na Va\u0161a vpra\u0161anja.","robots":{"index":"index","follow":"follow","max-snippet":"max-snippet:-1","max-image-preview":"max-image-preview:large","max-video-preview":"max-video-preview:-1"},"canonical":"https:\/\/ferberg.com\/sl\/kontakti\/","og_locale":"sl_SI","og_type":"article","og_title":"Kontakti, naslov, telefoni - nakladalne rampe FERBERG v Sloveniji","og_description":"Smo vedno dosegljivi. Na\u0161i strokovnjaki z veseljem bodo odgovorili na Va\u0161a vpra\u0161anja.","og_url":"https:\/\/ferberg.com\/sl\/kontakti\/","og_site_name":"FERBERG","article_modified_time":"2026-02-19T17:04:13+00:00","twitter_card":"summary_large_image","schema":{"@context":"https:\/\/schema.org","@graph":[{"@type":"WebPage","@id":"https:\/\/ferberg.com\/sl\/kontakti\/","url":"https:\/\/ferberg.com\/sl\/kontakti\/","name":"Kontakti, naslov, telefoni - nakladalne rampe FERBERG v Sloveniji","isPartOf":{"@id":"https:\/\/nl.ferberg.com\/sl\/#website"},"datePublished":"2021-11-04T06:43:36+00:00","dateModified":"2026-02-19T17:04:13+00:00","description":"Smo vedno dosegljivi. Na\u0161i strokovnjaki z veseljem bodo odgovorili na Va\u0161a vpra\u0161anja.","breadcrumb":{"@id":"https:\/\/ferberg.com\/sl\/kontakti\/#breadcrumb"},"inLanguage":"sl-SI","potentialAction":[{"@type":"ReadAction","target":["https:\/\/ferberg.com\/sl\/kontakti\/"]}]},{"@type":"BreadcrumbList","@id":"https:\/\/ferberg.com\/sl\/kontakti\/#breadcrumb","itemListElement":[{"@type":"ListItem","position":1,"name":"Home","item":"https:\/\/ferberg.com\/sl\/"},{"@type":"ListItem","position":2,"name":"Kontakti"}]},{"@type":"WebSite","@id":"https:\/\/nl.ferberg.com\/sl\/#website","url":"https:\/\/nl.ferberg.com\/sl\/","name":"FERBERG","description":"WAREHOUSE EQUIPMENT MANUFACTURER #1","publisher":{"@id":"https:\/\/nl.ferberg.com\/sl\/#organization"},"alternateName":"FERBERG","potentialAction":[{"@type":"SearchAction","target":{"@type":"EntryPoint","urlTemplate":"https:\/\/nl.ferberg.com\/sl\/?s={search_term_string}"},"query-input":{"@type":"PropertyValueSpecification","valueRequired":true,"valueName":"search_term_string"}}],"inLanguage":"sl-SI"},{"@type":"Organization","@id":"https:\/\/nl.ferberg.com\/sl\/#organization","name":"FERBERG","url":"https:\/\/nl.ferberg.com\/sl\/","logo":{"@type":"ImageObject","inLanguage":"sl-SI","@id":"https:\/\/nl.ferberg.com\/sl\/#\/schema\/logo\/image\/","url":"https:\/\/ferberg.com\/wp-content\/uploads\/2023\/05\/favicon.ico","contentUrl":"https:\/\/ferberg.com\/wp-content\/uploads\/2023\/05\/favicon.ico","width":48,"height":48,"caption":"FERBERG"},"image":{"@id":"https:\/\/nl.ferberg.com\/sl\/#\/schema\/logo\/image\/"}}]}},"_links":{"self":[{"href":"https:\/\/ferberg.com\/sl\/wp-json\/wp\/v2\/pages\/2112","targetHints":{"allow":["GET"]}}],"collection":[{"href":"https:\/\/ferberg.com\/sl\/wp-json\/wp\/v2\/pages"}],"about":[{"href":"https:\/\/ferberg.com\/sl\/wp-json\/wp\/v2\/types\/page"}],"author":[{"embeddable":true,"href":"https:\/\/ferberg.com\/sl\/wp-json\/wp\/v2\/users\/1"}],"replies":[{"embeddable":true,"href":"https:\/\/ferberg.com\/sl\/wp-json\/wp\/v2\/comments?post=2112"}],"version-history":[{"count":7,"href":"https:\/\/ferberg.com\/sl\/wp-json\/wp\/v2\/pages\/2112\/revisions"}],"predecessor-version":[{"id":35575,"href":"https:\/\/ferberg.com\/sl\/wp-json\/wp\/v2\/pages\/2112\/revisions\/35575"}],"wp:attachment":[{"href":"https:\/\/ferberg.com\/sl\/wp-json\/wp\/v2\/media?parent=2112"}],"curies":[{"name":"wp","href":"https:\/\/api.w.org\/{rel}","templated":true}]}}