{"id":2095,"date":"2021-11-04T16:38:40","date_gmt":"2021-11-04T14:38:40","guid":{"rendered":"https:\/\/ferberg.com\/kontrolyu%d1%94mo-vsi-etapi-virobnicztva-obladnannya\/"},"modified":"2025-11-26T09:07:34","modified_gmt":"2025-11-26T07:07:34","slug":"kontrolyu%d1%94mo-vsi-etapi-virobnicztva-obladnannya","status":"publish","type":"page","link":"https:\/\/ferberg.com\/sr\/","title":{"rendered":"Po\u010detak"},"content":{"rendered":"","protected":false},"excerpt":{"rendered":"","protected":false},"author":1,"featured_media":0,"parent":0,"menu_order":78,"comment_status":"closed","ping_status":"closed","template":"","meta":{"inline_featured_image":false,"ngg_post_thumbnail":0,"footnotes":""},"class_list":["post-2095","page","type-page","status-publish","hentry"],"acf":[],"yoast_head":"<!-- This site is optimized with the Yoast SEO plugin v26.5 - https:\/\/yoast.com\/wordpress\/plugins\/seo\/ -->\n<title>Utovarna rampa za kamion, mobilna utovarna rampa od proizvo\u0111a\u010da u Srbiji - FERBERG<\/title>\n<meta name=\"description\" content=\"Mobilne rampe. Izrada utovarnih rampi bilo koje slo\u017eenosti za kamione i kontejnere. Ogroman izbor. Povoljne cijene.\" \/>\n<meta name=\"robots\" content=\"index, follow, max-snippet:-1, max-image-preview:large, max-video-preview:-1\" \/>\n<link rel=\"canonical\" href=\"https:\/\/ferberg.com\/sr\/\" \/>\n<meta property=\"og:locale\" content=\"sr_RS\" \/>\n<meta property=\"og:type\" content=\"article\" \/>\n<meta property=\"og:title\" content=\"Utovarna rampa za kamion, mobilna utovarna rampa od proizvo\u0111a\u010da u Srbiji - FERBERG\" \/>\n<meta property=\"og:description\" content=\"Mobilne rampe. Izrada utovarnih rampi bilo koje slo\u017eenosti za kamione i kontejnere. Ogroman izbor. Povoljne cijene.\" \/>\n<meta property=\"og:url\" content=\"https:\/\/ferberg.com\/sr\/\" \/>\n<meta property=\"og:site_name\" content=\"FERBERG\" \/>\n<meta property=\"article:modified_time\" content=\"2025-11-26T07:07:34+00:00\" \/>\n<meta name=\"twitter:card\" content=\"summary_large_image\" \/>\n<script type=\"application\/ld+json\" class=\"yoast-schema-graph\">{\"@context\":\"https:\/\/schema.org\",\"@graph\":[{\"@type\":\"WebPage\",\"@id\":\"https:\/\/ferberg.com\/sr\/\",\"url\":\"https:\/\/ferberg.com\/sr\/\",\"name\":\"Utovarna rampa za kamion, mobilna utovarna rampa od proizvo\u0111a\u010da u Srbiji - FERBERG\",\"isPartOf\":{\"@id\":\"https:\/\/nl.ferberg.com\/sr\/#website\"},\"datePublished\":\"2021-11-04T14:38:40+00:00\",\"dateModified\":\"2025-11-26T07:07:34+00:00\",\"description\":\"Mobilne rampe. Izrada utovarnih rampi bilo koje slo\u017eenosti za kamione i kontejnere. Ogroman izbor. Povoljne cijene.\",\"breadcrumb\":{\"@id\":\"https:\/\/ferberg.com\/sr\/#breadcrumb\"},\"inLanguage\":\"sr-RS\",\"potentialAction\":[{\"@type\":\"ReadAction\",\"target\":[\"https:\/\/ferberg.com\/sr\/\"]}]},{\"@type\":\"BreadcrumbList\",\"@id\":\"https:\/\/ferberg.com\/sr\/#breadcrumb\",\"itemListElement\":[{\"@type\":\"ListItem\",\"position\":1,\"name\":\"Home\",\"item\":\"https:\/\/ferberg.com\/sr\/\"},{\"@type\":\"ListItem\",\"position\":2,\"name\":\"Po\u010detak\"}]},{\"@type\":\"WebSite\",\"@id\":\"https:\/\/nl.ferberg.com\/sr\/#website\",\"url\":\"https:\/\/nl.ferberg.com\/sr\/\",\"name\":\"FERBERG\",\"description\":\"WAREHOUSE EQUIPMENT MANUFACTURER #1\",\"publisher\":{\"@id\":\"https:\/\/nl.ferberg.com\/sr\/#organization\"},\"alternateName\":\"FERBERG\",\"potentialAction\":[{\"@type\":\"SearchAction\",\"target\":{\"@type\":\"EntryPoint\",\"urlTemplate\":\"https:\/\/nl.ferberg.com\/sr\/?s={search_term_string}\"},\"query-input\":{\"@type\":\"PropertyValueSpecification\",\"valueRequired\":true,\"valueName\":\"search_term_string\"}}],\"inLanguage\":\"sr-RS\"},{\"@type\":\"Organization\",\"@id\":\"https:\/\/nl.ferberg.com\/sr\/#organization\",\"name\":\"FERBERG\",\"url\":\"https:\/\/nl.ferberg.com\/sr\/\",\"logo\":{\"@type\":\"ImageObject\",\"inLanguage\":\"sr-RS\",\"@id\":\"https:\/\/nl.ferberg.com\/sr\/#\/schema\/logo\/image\/\",\"url\":\"https:\/\/ferberg.com\/wp-content\/uploads\/2023\/05\/favicon.ico\",\"contentUrl\":\"https:\/\/ferberg.com\/wp-content\/uploads\/2023\/05\/favicon.ico\",\"width\":48,\"height\":48,\"caption\":\"FERBERG\"},\"image\":{\"@id\":\"https:\/\/nl.ferberg.com\/sr\/#\/schema\/logo\/image\/\"}}]}<\/script>\n<!-- \/ Yoast SEO plugin. -->","yoast_head_json":{"title":"Utovarna rampa za kamion, mobilna utovarna rampa od proizvo\u0111a\u010da u Srbiji - FERBERG","description":"Mobilne rampe. Izrada utovarnih rampi bilo koje slo\u017eenosti za kamione i kontejnere. Ogroman izbor. Povoljne cijene.","robots":{"index":"index","follow":"follow","max-snippet":"max-snippet:-1","max-image-preview":"max-image-preview:large","max-video-preview":"max-video-preview:-1"},"canonical":"https:\/\/ferberg.com\/sr\/","og_locale":"sr_RS","og_type":"article","og_title":"Utovarna rampa za kamion, mobilna utovarna rampa od proizvo\u0111a\u010da u Srbiji - FERBERG","og_description":"Mobilne rampe. Izrada utovarnih rampi bilo koje slo\u017eenosti za kamione i kontejnere. Ogroman izbor. Povoljne cijene.","og_url":"https:\/\/ferberg.com\/sr\/","og_site_name":"FERBERG","article_modified_time":"2025-11-26T07:07:34+00:00","twitter_card":"summary_large_image","schema":{"@context":"https:\/\/schema.org","@graph":[{"@type":"WebPage","@id":"https:\/\/ferberg.com\/sr\/","url":"https:\/\/ferberg.com\/sr\/","name":"Utovarna rampa za kamion, mobilna utovarna rampa od proizvo\u0111a\u010da u Srbiji - FERBERG","isPartOf":{"@id":"https:\/\/nl.ferberg.com\/sr\/#website"},"datePublished":"2021-11-04T14:38:40+00:00","dateModified":"2025-11-26T07:07:34+00:00","description":"Mobilne rampe. Izrada utovarnih rampi bilo koje slo\u017eenosti za kamione i kontejnere. Ogroman izbor. Povoljne cijene.","breadcrumb":{"@id":"https:\/\/ferberg.com\/sr\/#breadcrumb"},"inLanguage":"sr-RS","potentialAction":[{"@type":"ReadAction","target":["https:\/\/ferberg.com\/sr\/"]}]},{"@type":"BreadcrumbList","@id":"https:\/\/ferberg.com\/sr\/#breadcrumb","itemListElement":[{"@type":"ListItem","position":1,"name":"Home","item":"https:\/\/ferberg.com\/sr\/"},{"@type":"ListItem","position":2,"name":"Po\u010detak"}]},{"@type":"WebSite","@id":"https:\/\/nl.ferberg.com\/sr\/#website","url":"https:\/\/nl.ferberg.com\/sr\/","name":"FERBERG","description":"WAREHOUSE EQUIPMENT MANUFACTURER #1","publisher":{"@id":"https:\/\/nl.ferberg.com\/sr\/#organization"},"alternateName":"FERBERG","potentialAction":[{"@type":"SearchAction","target":{"@type":"EntryPoint","urlTemplate":"https:\/\/nl.ferberg.com\/sr\/?s={search_term_string}"},"query-input":{"@type":"PropertyValueSpecification","valueRequired":true,"valueName":"search_term_string"}}],"inLanguage":"sr-RS"},{"@type":"Organization","@id":"https:\/\/nl.ferberg.com\/sr\/#organization","name":"FERBERG","url":"https:\/\/nl.ferberg.com\/sr\/","logo":{"@type":"ImageObject","inLanguage":"sr-RS","@id":"https:\/\/nl.ferberg.com\/sr\/#\/schema\/logo\/image\/","url":"https:\/\/ferberg.com\/wp-content\/uploads\/2023\/05\/favicon.ico","contentUrl":"https:\/\/ferberg.com\/wp-content\/uploads\/2023\/05\/favicon.ico","width":48,"height":48,"caption":"FERBERG"},"image":{"@id":"https:\/\/nl.ferberg.com\/sr\/#\/schema\/logo\/image\/"}}]}},"_links":{"self":[{"href":"https:\/\/ferberg.com\/sr\/wp-json\/wp\/v2\/pages\/2095","targetHints":{"allow":["GET"]}}],"collection":[{"href":"https:\/\/ferberg.com\/sr\/wp-json\/wp\/v2\/pages"}],"about":[{"href":"https:\/\/ferberg.com\/sr\/wp-json\/wp\/v2\/types\/page"}],"author":[{"embeddable":true,"href":"https:\/\/ferberg.com\/sr\/wp-json\/wp\/v2\/users\/1"}],"replies":[{"embeddable":true,"href":"https:\/\/ferberg.com\/sr\/wp-json\/wp\/v2\/comments?post=2095"}],"version-history":[{"count":13,"href":"https:\/\/ferberg.com\/sr\/wp-json\/wp\/v2\/pages\/2095\/revisions"}],"predecessor-version":[{"id":35035,"href":"https:\/\/ferberg.com\/sr\/wp-json\/wp\/v2\/pages\/2095\/revisions\/35035"}],"wp:attachment":[{"href":"https:\/\/ferberg.com\/sr\/wp-json\/wp\/v2\/media?parent=2095"}],"curies":[{"name":"wp","href":"https:\/\/api.w.org\/{rel}","templated":true}]}}