{"id":2097,"date":"2021-11-04T16:38:40","date_gmt":"2021-11-04T14:38:40","guid":{"rendered":"https:\/\/ferberg.com\/kontrolyu%d1%94mo-vsi-etapi-virobnicztva-obladnannya\/"},"modified":"2025-11-26T09:10:49","modified_gmt":"2025-11-26T07:10:49","slug":"kontrolyu%d1%94mo-vsi-etapi-virobnicztva-obladnannya","status":"publish","type":"page","link":"https:\/\/ferberg.com\/sv\/","title":{"rendered":"Start"},"content":{"rendered":"","protected":false},"excerpt":{"rendered":"","protected":false},"author":1,"featured_media":0,"parent":0,"menu_order":78,"comment_status":"closed","ping_status":"closed","template":"","meta":{"inline_featured_image":false,"ngg_post_thumbnail":0,"footnotes":""},"class_list":["post-2097","page","type-page","status-publish","hentry"],"acf":[],"yoast_head":"<!-- This site is optimized with the Yoast SEO plugin v26.5 - https:\/\/yoast.com\/wordpress\/plugins\/seo\/ -->\n<title>Lastramp, mobil lastramp fr\u00e5n tillverkaren i Sverige - FERBERG<\/title>\n<meta name=\"description\" content=\"Mobil lastramper. Tillverkning av lastramper av vilken komplexitet som helst f\u00f6r lastbilar och containrar. Enormt utbud. F\u00f6rm\u00e5nliga priser.\" \/>\n<meta name=\"robots\" content=\"index, follow, max-snippet:-1, max-image-preview:large, max-video-preview:-1\" \/>\n<link rel=\"canonical\" href=\"https:\/\/ferberg.com\/sv\/\" \/>\n<meta property=\"og:locale\" content=\"sv_SE\" \/>\n<meta property=\"og:type\" content=\"article\" \/>\n<meta property=\"og:title\" content=\"Lastramp, mobil lastramp fr\u00e5n tillverkaren i Sverige - FERBERG\" \/>\n<meta property=\"og:description\" content=\"Mobil lastramper. Tillverkning av lastramper av vilken komplexitet som helst f\u00f6r lastbilar och containrar. Enormt utbud. F\u00f6rm\u00e5nliga priser.\" \/>\n<meta property=\"og:url\" content=\"https:\/\/ferberg.com\/sv\/\" \/>\n<meta property=\"og:site_name\" content=\"FERBERG\" \/>\n<meta property=\"article:modified_time\" content=\"2025-11-26T07:10:49+00:00\" \/>\n<meta name=\"twitter:card\" content=\"summary_large_image\" \/>\n<script type=\"application\/ld+json\" class=\"yoast-schema-graph\">{\"@context\":\"https:\/\/schema.org\",\"@graph\":[{\"@type\":\"WebPage\",\"@id\":\"https:\/\/ferberg.com\/sv\/\",\"url\":\"https:\/\/ferberg.com\/sv\/\",\"name\":\"Lastramp, mobil lastramp fr\u00e5n tillverkaren i Sverige - FERBERG\",\"isPartOf\":{\"@id\":\"https:\/\/nl.ferberg.com\/sv\/#website\"},\"datePublished\":\"2021-11-04T14:38:40+00:00\",\"dateModified\":\"2025-11-26T07:10:49+00:00\",\"description\":\"Mobil lastramper. Tillverkning av lastramper av vilken komplexitet som helst f\u00f6r lastbilar och containrar. Enormt utbud. F\u00f6rm\u00e5nliga priser.\",\"breadcrumb\":{\"@id\":\"https:\/\/ferberg.com\/sv\/#breadcrumb\"},\"inLanguage\":\"sv-SE\",\"potentialAction\":[{\"@type\":\"ReadAction\",\"target\":[\"https:\/\/ferberg.com\/sv\/\"]}]},{\"@type\":\"BreadcrumbList\",\"@id\":\"https:\/\/ferberg.com\/sv\/#breadcrumb\",\"itemListElement\":[{\"@type\":\"ListItem\",\"position\":1,\"name\":\"Home\",\"item\":\"https:\/\/ferberg.com\/sv\/\"},{\"@type\":\"ListItem\",\"position\":2,\"name\":\"Start\"}]},{\"@type\":\"WebSite\",\"@id\":\"https:\/\/nl.ferberg.com\/sv\/#website\",\"url\":\"https:\/\/nl.ferberg.com\/sv\/\",\"name\":\"FERBERG\",\"description\":\"WAREHOUSE EQUIPMENT MANUFACTURER #1\",\"publisher\":{\"@id\":\"https:\/\/nl.ferberg.com\/sv\/#organization\"},\"alternateName\":\"FERBERG\",\"potentialAction\":[{\"@type\":\"SearchAction\",\"target\":{\"@type\":\"EntryPoint\",\"urlTemplate\":\"https:\/\/nl.ferberg.com\/sv\/?s={search_term_string}\"},\"query-input\":{\"@type\":\"PropertyValueSpecification\",\"valueRequired\":true,\"valueName\":\"search_term_string\"}}],\"inLanguage\":\"sv-SE\"},{\"@type\":\"Organization\",\"@id\":\"https:\/\/nl.ferberg.com\/sv\/#organization\",\"name\":\"FERBERG\",\"url\":\"https:\/\/nl.ferberg.com\/sv\/\",\"logo\":{\"@type\":\"ImageObject\",\"inLanguage\":\"sv-SE\",\"@id\":\"https:\/\/nl.ferberg.com\/sv\/#\/schema\/logo\/image\/\",\"url\":\"https:\/\/ferberg.com\/wp-content\/uploads\/2023\/05\/favicon.ico\",\"contentUrl\":\"https:\/\/ferberg.com\/wp-content\/uploads\/2023\/05\/favicon.ico\",\"width\":48,\"height\":48,\"caption\":\"FERBERG\"},\"image\":{\"@id\":\"https:\/\/nl.ferberg.com\/sv\/#\/schema\/logo\/image\/\"}}]}<\/script>\n<!-- \/ Yoast SEO plugin. -->","yoast_head_json":{"title":"Lastramp, mobil lastramp fr\u00e5n tillverkaren i Sverige - FERBERG","description":"Mobil lastramper. Tillverkning av lastramper av vilken komplexitet som helst f\u00f6r lastbilar och containrar. Enormt utbud. F\u00f6rm\u00e5nliga priser.","robots":{"index":"index","follow":"follow","max-snippet":"max-snippet:-1","max-image-preview":"max-image-preview:large","max-video-preview":"max-video-preview:-1"},"canonical":"https:\/\/ferberg.com\/sv\/","og_locale":"sv_SE","og_type":"article","og_title":"Lastramp, mobil lastramp fr\u00e5n tillverkaren i Sverige - FERBERG","og_description":"Mobil lastramper. Tillverkning av lastramper av vilken komplexitet som helst f\u00f6r lastbilar och containrar. Enormt utbud. F\u00f6rm\u00e5nliga priser.","og_url":"https:\/\/ferberg.com\/sv\/","og_site_name":"FERBERG","article_modified_time":"2025-11-26T07:10:49+00:00","twitter_card":"summary_large_image","schema":{"@context":"https:\/\/schema.org","@graph":[{"@type":"WebPage","@id":"https:\/\/ferberg.com\/sv\/","url":"https:\/\/ferberg.com\/sv\/","name":"Lastramp, mobil lastramp fr\u00e5n tillverkaren i Sverige - FERBERG","isPartOf":{"@id":"https:\/\/nl.ferberg.com\/sv\/#website"},"datePublished":"2021-11-04T14:38:40+00:00","dateModified":"2025-11-26T07:10:49+00:00","description":"Mobil lastramper. Tillverkning av lastramper av vilken komplexitet som helst f\u00f6r lastbilar och containrar. Enormt utbud. F\u00f6rm\u00e5nliga priser.","breadcrumb":{"@id":"https:\/\/ferberg.com\/sv\/#breadcrumb"},"inLanguage":"sv-SE","potentialAction":[{"@type":"ReadAction","target":["https:\/\/ferberg.com\/sv\/"]}]},{"@type":"BreadcrumbList","@id":"https:\/\/ferberg.com\/sv\/#breadcrumb","itemListElement":[{"@type":"ListItem","position":1,"name":"Home","item":"https:\/\/ferberg.com\/sv\/"},{"@type":"ListItem","position":2,"name":"Start"}]},{"@type":"WebSite","@id":"https:\/\/nl.ferberg.com\/sv\/#website","url":"https:\/\/nl.ferberg.com\/sv\/","name":"FERBERG","description":"WAREHOUSE EQUIPMENT MANUFACTURER #1","publisher":{"@id":"https:\/\/nl.ferberg.com\/sv\/#organization"},"alternateName":"FERBERG","potentialAction":[{"@type":"SearchAction","target":{"@type":"EntryPoint","urlTemplate":"https:\/\/nl.ferberg.com\/sv\/?s={search_term_string}"},"query-input":{"@type":"PropertyValueSpecification","valueRequired":true,"valueName":"search_term_string"}}],"inLanguage":"sv-SE"},{"@type":"Organization","@id":"https:\/\/nl.ferberg.com\/sv\/#organization","name":"FERBERG","url":"https:\/\/nl.ferberg.com\/sv\/","logo":{"@type":"ImageObject","inLanguage":"sv-SE","@id":"https:\/\/nl.ferberg.com\/sv\/#\/schema\/logo\/image\/","url":"https:\/\/ferberg.com\/wp-content\/uploads\/2023\/05\/favicon.ico","contentUrl":"https:\/\/ferberg.com\/wp-content\/uploads\/2023\/05\/favicon.ico","width":48,"height":48,"caption":"FERBERG"},"image":{"@id":"https:\/\/nl.ferberg.com\/sv\/#\/schema\/logo\/image\/"}}]}},"_links":{"self":[{"href":"https:\/\/ferberg.com\/sv\/wp-json\/wp\/v2\/pages\/2097","targetHints":{"allow":["GET"]}}],"collection":[{"href":"https:\/\/ferberg.com\/sv\/wp-json\/wp\/v2\/pages"}],"about":[{"href":"https:\/\/ferberg.com\/sv\/wp-json\/wp\/v2\/types\/page"}],"author":[{"embeddable":true,"href":"https:\/\/ferberg.com\/sv\/wp-json\/wp\/v2\/users\/1"}],"replies":[{"embeddable":true,"href":"https:\/\/ferberg.com\/sv\/wp-json\/wp\/v2\/comments?post=2097"}],"version-history":[{"count":12,"href":"https:\/\/ferberg.com\/sv\/wp-json\/wp\/v2\/pages\/2097\/revisions"}],"predecessor-version":[{"id":35039,"href":"https:\/\/ferberg.com\/sv\/wp-json\/wp\/v2\/pages\/2097\/revisions\/35039"}],"wp:attachment":[{"href":"https:\/\/ferberg.com\/sv\/wp-json\/wp\/v2\/media?parent=2097"}],"curies":[{"name":"wp","href":"https:\/\/api.w.org\/{rel}","templated":true}]}}